{"id":8653,"date":"2021-07-12T07:38:09","date_gmt":"2021-07-12T07:38:09","guid":{"rendered":"http:\/\/dream-life-travel.wp-travelsoft.ovh\/?page_id=8653"},"modified":"2021-07-14T11:35:21","modified_gmt":"2021-07-14T11:35:21","slug":"holidays-in-kythera","status":"publish","type":"page","link":"https:\/\/dreamlifetravel.gr\/fr\/holidays-in-kythera\/","title":{"rendered":"Vacances \u00e0 Cyth\u00e8re"},"content":{"rendered":"<section class=\"wpb-content-wrapper\"><div class=\"vc_row wpb_row st bg-holder\"><div class='container'><div class='row'>\n\t<div class=\"wpb_column column_container col-md-12\"><div class=\"vc_column-inner wpb_wrapper\">\n\t\t\t<div class=\"vc_empty_space\"   style=\"height: 32px\"><span class=\"vc_empty_space_inner\"><\/span><\/div>\n\t<div class=\"wpb_text_column wpb_content_element  st-aboutus-content\" >\n\t\t<div class=\"wpb_wrapper\">\n\t\t\t<p id=\"tw-target-text\" class=\"tw-data-text tw-text-large XcVN5d tw-ta\" dir=\"ltr\" data-placeholder=\"\u039c\u03b5\u03c4\u03ac\u03c6\u03c1\u03b1\u03c3\u03b7\">L&#039;\u00e9t\u00e9 \u00e0 Cyth\u00e8re. Kythira, l&#039;\u00eele de la d\u00e9esse Aphrodite, est une destination magnifique et magique pour ceux qui aiment la nature, l&#039;histoire et la tradition. Kythira est une \u00eele pittoresque aux nombreuses beaut\u00e9s, situ\u00e9e au sud du P\u00e9loponn\u00e8se et appartient aux \u00eeles Ioniennes. L&#039;architecture de l&#039;\u00eele, les plages bleu-vert, les sp\u00e9cialit\u00e9s locales et l&#039;hospitalit\u00e9 offrent des moments uniques de d\u00e9tente et de plaisir \u00e0 ceux qui choisissent de passer leurs vacances \u00e0 Cyth\u00e8re.<\/p>\n\n\t\t<\/div>\n\t<\/div>\n\n\t<div class=\"wpb_text_column wpb_content_element  st-aboutus-title\" >\n\t\t<div class=\"wpb_wrapper\">\n\t\t\t<p>L&#039;\u00e9t\u00e9 \u00e0 Cyth\u00e8re<\/p>\n\n\t\t<\/div>\n\t<\/div>\n\n\t<div class=\"wpb_text_column wpb_content_element  st-aboutus-content\" >\n\t\t<div class=\"wpb_wrapper\">\n\t\t\t<div id=\"tw-container\" class=\"YQaNob\" data-cp=\"1\" data-is-ver=\"false\" data-nnttsvi=\"1\" data-sm=\"1\" data-sugg-time=\"500\" data-sugg-url=\"https:\/\/clients1.google.com\/complete\/search\" data-uilc=\"el\">\n<div id=\"tw-ob\" class=\"tw-src-ltr\">\n<div class=\"oSioSc\">\n<div id=\"tw-target\">\n<div id=\"kAz1tf\" class=\"g9WsWb\">\n<div id=\"tw-target-text-container\" class=\"tw-ta-container hide-focus-ring tw-nfl\" tabindex=\"0\">\n<p id=\"tw-target-text\" class=\"tw-data-text tw-text-large XcVN5d tw-ta\" dir=\"ltr\" data-placeholder=\"\u039c\u03b5\u03c4\u03ac\u03c6\u03c1\u03b1\u03c3\u03b7\"><span class=\"Y2IQFc\" lang=\"en\">Les principales plages de Cyth\u00e8re sont Halkos, Diakofti, Paleopolis, Kaladi, Ocheles, Firi Ammos, Melidoni, Kapsali, Fourni, Platia Ammos, Kombonada et Agia Pelagia. Toutes les plages sont sp\u00e9ciales, certaines d&#039;entre elles sont prim\u00e9es. Des criques \u00e9troites, des eaux bleues claires et des plages de sable sans fin enchantent les visiteurs.<\/span><\/p>\n<\/div>\n<\/div>\n<\/div>\n<\/div>\n<\/div>\n<\/div>\n\n\t\t<\/div>\n\t<\/div>\n\n\t<div class=\"wpb_text_column wpb_content_element  st-aboutus-content\" >\n\t\t<div class=\"wpb_wrapper\">\n\t\t\t<div id=\"tw-container\" class=\"YQaNob\" data-cp=\"1\" data-is-ver=\"false\" data-nnttsvi=\"1\" data-sm=\"1\" data-sugg-time=\"500\" data-sugg-url=\"https:\/\/clients1.google.com\/complete\/search\" data-uilc=\"el\">\n<div id=\"tw-ob\" class=\"tw-src-ltr\">\n<div class=\"oSioSc\">\n<div tabindex=\"0\">L&#039;une des plages les plus populaires de Cyth\u00e8re est Halkos, situ\u00e9e sur le c\u00f4t\u00e9 sud de l&#039;\u00eele, pr\u00e8s du village de Kalamos. Copper est une baie relativement petite entour\u00e9e de rochers et de grottes marines, avec des galets fins et des eaux turquoises profondes. C&#039;est une plage organis\u00e9e avec des transats, des parasols et une cantine qui propose du caf\u00e9, des boissons et de la nourriture. Avec un acc\u00e8s facile pour les invit\u00e9s.<\/div>\n<\/div>\n<\/div>\n<\/div>\n<div tabindex=\"0\"><\/div>\n<div tabindex=\"0\">Diakofti avec du sable blanc et des eaux peu profondes, plage id\u00e9ale pour les familles et les jeunes enfants. Kombonada aux eaux tr\u00e8s profondes et aux gros galets, est situ\u00e9e \u00e0 l&#039;est de Cyth\u00e8re. Melidoni, une plage aux eaux cristallines et au sable fin, surplombe Chytra qui est une grotte marine de l&#039;\u00eele. Kaladi, une belle plage divis\u00e9e en trois parties, de galets aux eaux turquoises, est situ\u00e9e \u00e0 l&#039;est de Cyth\u00e8re. Paleopolis est la plus grande plage, combine une plage de sable avec des galets et dispose d&#039;installations de sports nautiques.<\/div>\n\n\t\t<\/div>\n\t<\/div>\n\n\t<div class=\"wpb_text_column wpb_content_element  st-aboutus-content\" >\n\t\t<div class=\"wpb_wrapper\">\n\t\t\t<p id=\"tw-target-text\" class=\"tw-data-text tw-text-large XcVN5d tw-ta\" dir=\"ltr\" data-placeholder=\"\u039c\u03b5\u03c4\u03ac\u03c6\u03c1\u03b1\u03c3\u03b7\">Pendant vos vacances \u00e0 Cyth\u00e8re, vous d\u00e9couvrirez de nombreuses attractions diff\u00e9rentes qui vous passionneront. Cyth\u00e8re poss\u00e8de quatre ch\u00e2teaux, le ch\u00e2teau d&#039;Avlemon, construit pendant l&#039;occupation v\u00e9nitienne et a fonctionn\u00e9 comme un observatoire dans l&#039;est de la mer \u00c9g\u00e9e. Le ch\u00e2teau de Mylopotamos, observatoire occidental de l&#039;\u00eele, a \u00e9t\u00e9 construit en 1956 et compte neuf \u00e9glises et maisons. Le ch\u00e2teau de Chora, a \u00e9t\u00e9 construit par les V\u00e9nitiens au point culminant de l&#039;\u00eele et \u00e9tait contr\u00f4l\u00e9 par trois mers, l&#039;Ionienne, l&#039;\u00c9g\u00e9e et la Cr\u00e9toise. Enfin le ch\u00e2teau de Paleochora, un fort avec une gorge profonde, sur le c\u00f4t\u00e9 nord de l&#039;\u00eele. Il a \u00e9t\u00e9 construit pendant les ann\u00e9es byzantines et a \u00e9t\u00e9 d\u00e9truit par Hayreddin Barbarossa, amiral de la flotte turque.<\/p>\n\n\t\t<\/div>\n\t<\/div>\n\n\t<div class=\"wpb_text_column wpb_content_element  st-aboutus-content\" >\n\t\t<div class=\"wpb_wrapper\">\n\t\t\t<p id=\"tw-target-text\" class=\"tw-data-text tw-text-large XcVN5d tw-ta\" dir=\"ltr\" data-placeholder=\"\u039c\u03b5\u03c4\u03ac\u03c6\u03c1\u03b1\u03c3\u03b7\">Pendant vos vacances \u00e0 Cyth\u00e8re, assurez-vous de visiter les moulins \u00e0 eau de r\u00eave. Parmi les arbres verts sont construits 22 moulins \u00e0 eau d&#039;o\u00f9 coule beaucoup d&#039;eau. Ils sont situ\u00e9s pr\u00e8s des cascades de Neraida ou Fonissa et ont une hauteur de 20 m\u00e8tres. Le paysage aux cascades est idyllique, avec des ruelles, des ruisseaux, de grands platanes et un lac vert magique. Tout cela donne le sentiment d&#039;un conte de f\u00e9es d&#039;une autre \u00e9poque. L&#039;un des endroits les plus \u00e9tonnants de Cyth\u00e8re est Chytra, un \u00eelot rocheux qui a la grotte marine et \u00e0 la fin, vous trouverez un abri pour les phoques. Chytra est situ\u00e9e en face du port de Kapsali. Le phare de Moudari, d&#039;une hauteur de 25 m\u00e8tres, est situ\u00e9 \u00e0 Akrotiri Spathi, le point le plus au nord de l&#039;\u00eele. Si vous visitez le phare et montez au dernier \u00e9tage, la vue vous choquera.<\/p>\n\n\t\t<\/div>\n\t<\/div>\n\n\t<div class=\"wpb_text_column wpb_content_element  st-aboutus-title\" >\n\t\t<div class=\"wpb_wrapper\">\n\t\t\t<div id=\"tw-container\" class=\"YQaNob\" data-cp=\"1\" data-is-ver=\"false\" data-nnttsvi=\"1\" data-sm=\"1\" data-sugg-time=\"500\" data-sugg-url=\"https:\/\/clients1.google.com\/complete\/search\" data-uilc=\"el\">\n<div id=\"tw-ob\" class=\"tw-src-ltr\">\n<div class=\"oSioSc\">\n<div id=\"tw-target\">\n<div id=\"kAz1tf\" class=\"g9WsWb\">\n<div id=\"tw-target-text-container\" class=\"tw-ta-container hide-focus-ring tw-nfl\" tabindex=\"0\">\n<p id=\"tw-target-text\" class=\"tw-data-text tw-text-large XcVN5d tw-ta\" dir=\"ltr\" data-placeholder=\"\u039c\u03b5\u03c4\u03ac\u03c6\u03c1\u03b1\u03c3\u03b7\"><span class=\"Y2IQFc\" lang=\"en\">Monuments, grottes et monast\u00e8res<\/span><\/p>\n<\/div>\n<\/div>\n<\/div>\n<\/div>\n<\/div>\n<\/div>\n\n\t\t<\/div>\n\t<\/div>\n\n\t<div class=\"wpb_text_column wpb_content_element  st-aboutus-content\" >\n\t\t<div class=\"wpb_wrapper\">\n\t\t\t<p id=\"tw-target-text\" class=\"tw-data-text tw-text-large XcVN5d tw-ta\" dir=\"ltr\" data-placeholder=\"\u039c\u03b5\u03c4\u03ac\u03c6\u03c1\u03b1\u03c3\u03b7\">A Kythera aussi, il y a deux gorges chacune avec sa propre beaut\u00e9. La gorge de Tsakonas situ\u00e9e entre les villages de Mitata et Viaradika. Il a deux \u00e9glises et deux sources, une pour chaque village. Et la gorge de Kakia Lagada, est situ\u00e9e au nord de l&#039;\u00eele et se termine \u00e0 la plage de Kakia Lagada, pr\u00e8s du ch\u00e2teau de Mylopotamos.<\/p>\n<p class=\"tw-data-text tw-text-large XcVN5d tw-ta\" dir=\"ltr\" data-placeholder=\"\u039c\u03b5\u03c4\u03ac\u03c6\u03c1\u03b1\u03c3\u03b7\">Cyth\u00e8re est un lieu profond\u00e9ment historique, avec des monuments remarquables tels que l&#039;\u00e9cole de Milapidea, le temple de la d\u00e9esse Aphrodite, le sanctuaire minoen du Pic, le pont de Katouni et les archives historiques de Cyth\u00e8re. Sur l&#039;\u00eele, vous trouverez deux mus\u00e9es, le mus\u00e9e arch\u00e9ologique de Cyth\u00e8re situ\u00e9 \u00e0 Chora et le mus\u00e9e byzantin situ\u00e9 sur la place de Kato Livadi. \u00c0 Cyth\u00e8re, il y a trois grottes, chacune avec sa propre histoire. La grotte de Kalamos, la grotte de Mylopotamos et la grotte de Housti. Sur l&#039;\u00eele, il existe d&#039;innombrables monast\u00e8res et temples que vous pouvez visiter. Le plus grand monast\u00e8re de l&#039;\u00eele est Panagia Myrtidiotissa avec une histoire s\u00e9culaire.<\/p>\n\n\t\t<\/div>\n\t<\/div>\n\n\t<div class=\"wpb_text_column wpb_content_element  st-aboutus-title\" >\n\t\t<div class=\"wpb_wrapper\">\n\t\t\t<div id=\"tw-container\" class=\"YQaNob\" data-cp=\"1\" data-is-ver=\"false\" data-nnttsvi=\"1\" data-sm=\"1\" data-sugg-time=\"500\" data-sugg-url=\"https:\/\/clients1.google.com\/complete\/search\" data-uilc=\"el\">\n<div id=\"tw-ob\" class=\"tw-src-ltr\">\n<div class=\"oSioSc\">\n<div id=\"tw-target\">\n<div id=\"kAz1tf\" class=\"g9WsWb\">\n<div id=\"tw-target-text-container\" class=\"tw-ta-container hide-focus-ring tw-nfl\" tabindex=\"0\">\n<div id=\"tw-container\" class=\"YQaNob\" data-cp=\"1\" data-is-ver=\"false\" data-nnttsvi=\"1\" data-sm=\"1\" data-sugg-time=\"500\" data-sugg-url=\"https:\/\/clients1.google.com\/complete\/search\" data-uilc=\"el\">\n<div id=\"tw-ob\" class=\"tw-src-ltr\">\n<div class=\"oSioSc\">\n<div id=\"tw-target\">\n<div id=\"kAz1tf\" class=\"g9WsWb\">\n<div id=\"tw-target-text-container\" class=\"tw-ta-container hide-focus-ring tw-nfl\" tabindex=\"0\">\n<p id=\"tw-target-text\" class=\"tw-data-text tw-text-large XcVN5d tw-ta\" dir=\"ltr\" data-placeholder=\"\u039c\u03b5\u03c4\u03ac\u03c6\u03c1\u03b1\u03c3\u03b7\"><span class=\"Y2IQFc\" lang=\"en\">Villages pittoresques et hospitalit\u00e9<\/span><\/p>\n<\/div>\n<\/div>\n<\/div>\n<\/div>\n<\/div>\n<\/div>\n<\/div>\n<\/div>\n<\/div>\n<\/div>\n<\/div>\n<\/div>\n\n\t\t<\/div>\n\t<\/div>\n\n\t<div class=\"wpb_text_column wpb_content_element  st-aboutus-content\" >\n\t\t<div class=\"wpb_wrapper\">\n\t\t\t<p id=\"tw-target-text\" class=\"tw-data-text tw-text-large XcVN5d tw-ta\" dir=\"ltr\" data-placeholder=\"\u039c\u03b5\u03c4\u03ac\u03c6\u03c1\u03b1\u03c3\u03b7\">Vos vacances \u00e0 Kythera seront compl\u00e9t\u00e9es, apr\u00e8s avoir visit\u00e9 les beaux villages, tels que Avlemonas, Kapsali, Livadi, Chora ton Kythira, Kalamos etc. . Tous empreints de tradition, les villages de Cyth\u00e8re vous offriront un \u00e9t\u00e9 magique. Maisons blanchies \u00e0 la chaux, ruelles \u00e9troites, avec des boutiques touristiques et plus encore. Caf\u00e9s, bars, restaurants et tavernes o\u00f9 vous pourrez vous d\u00e9tendre, vous amuser et faire connaissance avec les gens hospitaliers de l&#039;\u00eele.<\/p>\n<p dir=\"ltr\" data-placeholder=\"\u039c\u03b5\u03c4\u03ac\u03c6\u03c1\u03b1\u03c3\u03b7\">Cyth\u00e8re est une \u00eele riche en histoire, dot\u00e9e de nature et combine des activit\u00e9s pour tous. De belles plages propres, des attractions et des lieux de r\u00eave vous laisseront non seulement les meilleures impressions, mais aussi des souvenirs.<\/p>\n\n\t\t<\/div>\n\t<\/div>\n<\/div>\n\t<\/div> \n<\/div><!--End .row--><\/div><!--End .container--><\/div><div class=\"vc_row wpb_row st bg-holder\"><div class='container'><div class='row'>\n\t<div class=\"wpb_column column_container col-md-12\"><div class=\"vc_column-inner wpb_wrapper\">\n\t\t\t<div class=\"vc_btn3-container vc_btn3-inline\" ><a style=\"background-color:#5191fa; color:#ffffff;\" class=\"vc_general vc_btn3 vc_btn3-size-md vc_btn3-shape-rounded vc_btn3-style-custom\" href=\"https:\/\/dreamlifetravel.gr\/index.php\/sidebar-search-layout\/?location_name=trp-post-container%20data-trp-post-id=%271944%27Kythera\/trp-post-container&#038;location_id=1944\" title=\"\" target=\"_blank\">Visites guid\u00e9es \u00e0 Cyth\u00e8re<\/a><\/div><\/div>\n\t<\/div> \n<\/div><!--End .row--><\/div><!--End .container--><\/div>\n<\/section>","protected":false},"excerpt":{"rendered":"Summer in Kythira. Kythira, the island of the Goddess Aphrodite, is a beautiful, magical destination for those who love nature, history and tradition. Kythira is a picturesque island with many beauties, located south of the Peloponnese and belongs to the Ionian Islands. The architecture of the island, the blue-green beaches, the local delicacies and the [...]","protected":false},"author":1,"featured_media":8297,"parent":0,"menu_order":0,"comment_status":"closed","ping_status":"closed","template":"template-home-modern.php","meta":{"footnotes":""},"class_list":["post-8653","page","type-page","status-publish","has-post-thumbnail","hentry"],"yoast_head":"<!-- This site is optimized with the Yoast SEO plugin v27.5 - https:\/\/yoast.com\/product\/yoast-seo-wordpress\/ -->\n<title>Holidays in Kythera - Dream Life Travel<\/title>\n<meta name=\"robots\" content=\"index, follow, max-snippet:-1, max-image-preview:large, max-video-preview:-1\" \/>\n<link rel=\"canonical\" href=\"https:\/\/dreamlifetravel.gr\/fr\/holidays-in-kythera\/\" \/>\n<meta property=\"og:locale\" content=\"fr_FR\" \/>\n<meta property=\"og:type\" content=\"article\" \/>\n<meta property=\"og:title\" content=\"Holidays in Kythera - Dream Life Travel\" \/>\n<meta property=\"og:url\" content=\"https:\/\/dreamlifetravel.gr\/fr\/holidays-in-kythera\/\" \/>\n<meta property=\"og:site_name\" content=\"Dream Life Travel\" \/>\n<meta property=\"article:publisher\" content=\"https:\/\/www.facebook.com\/Dream-life-travel-109893747993004\/?ref=pages_you_manage\" \/>\n<meta property=\"article:modified_time\" content=\"2021-07-14T11:35:21+00:00\" \/>\n<meta property=\"og:image\" content=\"https:\/\/dreamlifetravel.gr\/wp-content\/uploads\/2015\/02\/GettyImages-177844678-scaled.jpg\" \/>\n\t<meta property=\"og:image:width\" content=\"2560\" \/>\n\t<meta property=\"og:image:height\" content=\"2560\" \/>\n\t<meta property=\"og:image:type\" content=\"image\/jpeg\" \/>\n<meta name=\"twitter:card\" content=\"summary_large_image\" \/>\n<meta name=\"twitter:label1\" content=\"Dur\u00e9e de lecture estim\u00e9e\" \/>\n\t<meta name=\"twitter:data1\" content=\"5 minutes\" \/>\n<script type=\"application\/ld+json\" class=\"yoast-schema-graph\">{\"@context\":\"https:\\\/\\\/schema.org\",\"@graph\":[{\"@type\":\"WebPage\",\"@id\":\"https:\\\/\\\/dreamlifetravel.gr\\\/el\\\/holidays-in-kythera\\\/\",\"url\":\"https:\\\/\\\/dreamlifetravel.gr\\\/el\\\/holidays-in-kythera\\\/\",\"name\":\"Holidays in Kythera - Dream Life Travel\",\"isPartOf\":{\"@id\":\"https:\\\/\\\/dreamlifetravel.gr\\\/el\\\/#website\"},\"primaryImageOfPage\":{\"@id\":\"https:\\\/\\\/dreamlifetravel.gr\\\/el\\\/holidays-in-kythera\\\/#primaryimage\"},\"image\":{\"@id\":\"https:\\\/\\\/dreamlifetravel.gr\\\/el\\\/holidays-in-kythera\\\/#primaryimage\"},\"thumbnailUrl\":\"https:\\\/\\\/dreamlifetravel.gr\\\/wp-content\\\/uploads\\\/2015\\\/02\\\/GettyImages-177844678-scaled.jpg\",\"datePublished\":\"2021-07-12T07:38:09+00:00\",\"dateModified\":\"2021-07-14T11:35:21+00:00\",\"breadcrumb\":{\"@id\":\"https:\\\/\\\/dreamlifetravel.gr\\\/el\\\/holidays-in-kythera\\\/#breadcrumb\"},\"inLanguage\":\"fr-FR\",\"potentialAction\":[{\"@type\":\"ReadAction\",\"target\":[\"https:\\\/\\\/dreamlifetravel.gr\\\/el\\\/holidays-in-kythera\\\/\"]}]},{\"@type\":\"ImageObject\",\"inLanguage\":\"fr-FR\",\"@id\":\"https:\\\/\\\/dreamlifetravel.gr\\\/el\\\/holidays-in-kythera\\\/#primaryimage\",\"url\":\"https:\\\/\\\/dreamlifetravel.gr\\\/wp-content\\\/uploads\\\/2015\\\/02\\\/GettyImages-177844678-scaled.jpg\",\"contentUrl\":\"https:\\\/\\\/dreamlifetravel.gr\\\/wp-content\\\/uploads\\\/2015\\\/02\\\/GettyImages-177844678-scaled.jpg\",\"width\":2560,\"height\":2560,\"caption\":\"GettyImages scaled\"},{\"@type\":\"BreadcrumbList\",\"@id\":\"https:\\\/\\\/dreamlifetravel.gr\\\/el\\\/holidays-in-kythera\\\/#breadcrumb\",\"itemListElement\":[{\"@type\":\"ListItem\",\"position\":1,\"name\":\"Home\",\"item\":\"https:\\\/\\\/dreamlifetravel.gr\\\/\"},{\"@type\":\"ListItem\",\"position\":2,\"name\":\"Holidays in Kythera\"}]},{\"@type\":\"WebSite\",\"@id\":\"https:\\\/\\\/dreamlifetravel.gr\\\/el\\\/#website\",\"url\":\"https:\\\/\\\/dreamlifetravel.gr\\\/el\\\/\",\"name\":\"Dream Life Travel\",\"description\":\"The Best Tour Experience\",\"publisher\":{\"@id\":\"https:\\\/\\\/dreamlifetravel.gr\\\/el\\\/#organization\"},\"potentialAction\":[{\"@type\":\"SearchAction\",\"target\":{\"@type\":\"EntryPoint\",\"urlTemplate\":\"https:\\\/\\\/dreamlifetravel.gr\\\/el\\\/?s={search_term_string}\"},\"query-input\":{\"@type\":\"PropertyValueSpecification\",\"valueRequired\":true,\"valueName\":\"search_term_string\"}}],\"inLanguage\":\"fr-FR\"},{\"@type\":\"Organization\",\"@id\":\"https:\\\/\\\/dreamlifetravel.gr\\\/el\\\/#organization\",\"name\":\"dreamlifetravel\",\"url\":\"https:\\\/\\\/dreamlifetravel.gr\\\/el\\\/\",\"logo\":{\"@type\":\"ImageObject\",\"inLanguage\":\"fr-FR\",\"@id\":\"https:\\\/\\\/dreamlifetravel.gr\\\/el\\\/#\\\/schema\\\/logo\\\/image\\\/\",\"url\":\"https:\\\/\\\/dreamlifetravel.gr\\\/wp-content\\\/uploads\\\/2018\\\/12\\\/203377155_111002757790531_4475099207187108932_n-1-1.png\",\"contentUrl\":\"https:\\\/\\\/dreamlifetravel.gr\\\/wp-content\\\/uploads\\\/2018\\\/12\\\/203377155_111002757790531_4475099207187108932_n-1-1.png\",\"width\":140,\"height\":57,\"caption\":\"dreamlifetravel\"},\"image\":{\"@id\":\"https:\\\/\\\/dreamlifetravel.gr\\\/el\\\/#\\\/schema\\\/logo\\\/image\\\/\"},\"sameAs\":[\"https:\\\/\\\/www.facebook.com\\\/Dream-life-travel-109893747993004\\\/?ref=pages_you_manage\",\"https:\\\/\\\/www.instagram.com\\\/dreamlife_travel_\\\/\"]}]}<\/script>\n<!-- \/ Yoast SEO plugin. -->","yoast_head_json":{"title":"Holidays in Kythera - Dream Life Travel","robots":{"index":"index","follow":"follow","max-snippet":"max-snippet:-1","max-image-preview":"max-image-preview:large","max-video-preview":"max-video-preview:-1"},"canonical":"https:\/\/dreamlifetravel.gr\/fr\/holidays-in-kythera\/","og_locale":"fr_FR","og_type":"article","og_title":"Holidays in Kythera - Dream Life Travel","og_url":"https:\/\/dreamlifetravel.gr\/fr\/holidays-in-kythera\/","og_site_name":"Dream Life Travel","article_publisher":"https:\/\/www.facebook.com\/Dream-life-travel-109893747993004\/?ref=pages_you_manage","article_modified_time":"2021-07-14T11:35:21+00:00","og_image":[{"width":2560,"height":2560,"url":"https:\/\/dreamlifetravel.gr\/wp-content\/uploads\/2015\/02\/GettyImages-177844678-scaled.jpg","type":"image\/jpeg"}],"twitter_card":"summary_large_image","twitter_misc":{"Dur\u00e9e de lecture estim\u00e9e":"5 minutes"},"schema":{"@context":"https:\/\/schema.org","@graph":[{"@type":"WebPage","@id":"https:\/\/dreamlifetravel.gr\/el\/holidays-in-kythera\/","url":"https:\/\/dreamlifetravel.gr\/el\/holidays-in-kythera\/","name":"Holidays in Kythera - Dream Life Travel","isPartOf":{"@id":"https:\/\/dreamlifetravel.gr\/el\/#website"},"primaryImageOfPage":{"@id":"https:\/\/dreamlifetravel.gr\/el\/holidays-in-kythera\/#primaryimage"},"image":{"@id":"https:\/\/dreamlifetravel.gr\/el\/holidays-in-kythera\/#primaryimage"},"thumbnailUrl":"https:\/\/dreamlifetravel.gr\/wp-content\/uploads\/2015\/02\/GettyImages-177844678-scaled.jpg","datePublished":"2021-07-12T07:38:09+00:00","dateModified":"2021-07-14T11:35:21+00:00","breadcrumb":{"@id":"https:\/\/dreamlifetravel.gr\/el\/holidays-in-kythera\/#breadcrumb"},"inLanguage":"fr-FR","potentialAction":[{"@type":"ReadAction","target":["https:\/\/dreamlifetravel.gr\/el\/holidays-in-kythera\/"]}]},{"@type":"ImageObject","inLanguage":"fr-FR","@id":"https:\/\/dreamlifetravel.gr\/el\/holidays-in-kythera\/#primaryimage","url":"https:\/\/dreamlifetravel.gr\/wp-content\/uploads\/2015\/02\/GettyImages-177844678-scaled.jpg","contentUrl":"https:\/\/dreamlifetravel.gr\/wp-content\/uploads\/2015\/02\/GettyImages-177844678-scaled.jpg","width":2560,"height":2560,"caption":"GettyImages scaled"},{"@type":"BreadcrumbList","@id":"https:\/\/dreamlifetravel.gr\/el\/holidays-in-kythera\/#breadcrumb","itemListElement":[{"@type":"ListItem","position":1,"name":"Home","item":"https:\/\/dreamlifetravel.gr\/"},{"@type":"ListItem","position":2,"name":"Holidays in Kythera"}]},{"@type":"WebSite","@id":"https:\/\/dreamlifetravel.gr\/el\/#website","url":"https:\/\/dreamlifetravel.gr\/el\/","name":"Voyage de la vie de r\u00eave","description":"La meilleure exp\u00e9rience de visite","publisher":{"@id":"https:\/\/dreamlifetravel.gr\/el\/#organization"},"potentialAction":[{"@type":"SearchAction","target":{"@type":"EntryPoint","urlTemplate":"https:\/\/dreamlifetravel.gr\/el\/?s={search_term_string}"},"query-input":{"@type":"PropertyValueSpecification","valueRequired":true,"valueName":"search_term_string"}}],"inLanguage":"fr-FR"},{"@type":"Organization","@id":"https:\/\/dreamlifetravel.gr\/el\/#organization","name":"dreamlifetravel","url":"https:\/\/dreamlifetravel.gr\/el\/","logo":{"@type":"ImageObject","inLanguage":"fr-FR","@id":"https:\/\/dreamlifetravel.gr\/el\/#\/schema\/logo\/image\/","url":"https:\/\/dreamlifetravel.gr\/wp-content\/uploads\/2018\/12\/203377155_111002757790531_4475099207187108932_n-1-1.png","contentUrl":"https:\/\/dreamlifetravel.gr\/wp-content\/uploads\/2018\/12\/203377155_111002757790531_4475099207187108932_n-1-1.png","width":140,"height":57,"caption":"dreamlifetravel"},"image":{"@id":"https:\/\/dreamlifetravel.gr\/el\/#\/schema\/logo\/image\/"},"sameAs":["https:\/\/www.facebook.com\/Dream-life-travel-109893747993004\/?ref=pages_you_manage","https:\/\/www.instagram.com\/dreamlife_travel_\/"]}]}},"_links":{"self":[{"href":"https:\/\/dreamlifetravel.gr\/fr\/wp-json\/wp\/v2\/pages\/8653","targetHints":{"allow":["GET"]}}],"collection":[{"href":"https:\/\/dreamlifetravel.gr\/fr\/wp-json\/wp\/v2\/pages"}],"about":[{"href":"https:\/\/dreamlifetravel.gr\/fr\/wp-json\/wp\/v2\/types\/page"}],"author":[{"embeddable":true,"href":"https:\/\/dreamlifetravel.gr\/fr\/wp-json\/wp\/v2\/users\/1"}],"replies":[{"embeddable":true,"href":"https:\/\/dreamlifetravel.gr\/fr\/wp-json\/wp\/v2\/comments?post=8653"}],"version-history":[{"count":7,"href":"https:\/\/dreamlifetravel.gr\/fr\/wp-json\/wp\/v2\/pages\/8653\/revisions"}],"predecessor-version":[{"id":8795,"href":"https:\/\/dreamlifetravel.gr\/fr\/wp-json\/wp\/v2\/pages\/8653\/revisions\/8795"}],"wp:featuredmedia":[{"embeddable":true,"href":"https:\/\/dreamlifetravel.gr\/fr\/wp-json\/wp\/v2\/media\/8297"}],"wp:attachment":[{"href":"https:\/\/dreamlifetravel.gr\/fr\/wp-json\/wp\/v2\/media?parent=8653"}],"curies":[{"name":"wp","href":"https:\/\/api.w.org\/{rel}","templated":true}]}}