{"id":8545,"date":"2021-06-28T10:14:25","date_gmt":"2021-06-28T10:14:25","guid":{"rendered":"http:\/\/dream-life-travel.wp-travelsoft.ovh\/?page_id=8545"},"modified":"2021-07-14T11:38:39","modified_gmt":"2021-07-14T11:38:39","slug":"travel-to-budapest","status":"publish","type":"page","link":"https:\/\/dreamlifetravel.gr\/fr\/travel-to-budapest\/","title":{"rendered":"Voyage \u00e0 Budapest"},"content":{"rendered":"<section class=\"wpb-content-wrapper\"><div class=\"vc_row wpb_row st bg-holder\"><div class='container'><div class='row'>\n\t<div class=\"wpb_column column_container col-md-12\"><div class=\"vc_column-inner wpb_wrapper\">\n\t\t\t<div class=\"vc_empty_space\"   style=\"height: 32px\"><span class=\"vc_empty_space_inner\"><\/span><\/div>\n\t<div class=\"wpb_text_column wpb_content_element  st-aboutus-content\" >\n\t\t<div class=\"wpb_wrapper\">\n\t\t\t<p id=\"tw-target-text\" class=\"tw-data-text tw-text-large XcVN5d tw-ta\" dir=\"ltr\" data-placeholder=\"\u039c\u03b5\u03c4\u03ac\u03c6\u03c1\u03b1\u03c3\u03b7\">Vous pr\u00e9parez un voyage \u00e0 Budapest ? C&#039;est une r\u00e9elle opportunit\u00e9 de conna\u00eetre la culture slave, de go\u00fbter \u00e0 l&#039;excellente cuisine hongroise et de s&#039;amuser. C&#039;est la capitale de la Hongrie et se compose de deux villes (depuis 1873), Buda et Pest, qui sont reli\u00e9es par les ponts du Danube, qui s\u00e9parent les deux villes. Avec une histoire riche et le rythme n\u00e9o-gothique qui se distingue dans toute la ville, une nouvelle exp\u00e9rience que vous n&#039;oublierez jamais se d\u00e9roule devant vous.<\/p>\n\n\t\t<\/div>\n\t<\/div>\n\n\t<div class=\"wpb_text_column wpb_content_element  st-aboutus-title\" >\n\t\t<div class=\"wpb_wrapper\">\n\t\t\t<p>Histoire et curiosit\u00e9s<\/p>\n\n\t\t<\/div>\n\t<\/div>\n\n\t<div class=\"wpb_text_column wpb_content_element  st-aboutus-content\" >\n\t\t<div class=\"wpb_wrapper\">\n\t\t\t<p id=\"tw-target-text\" class=\"tw-data-text tw-text-large XcVN5d tw-ta\" dir=\"ltr\" data-placeholder=\"\u039c\u03b5\u03c4\u03ac\u03c6\u03c1\u03b1\u03c3\u03b7\">En voyageant \u00e0 Budapest, on se rend compte de l&#039;importance de l&#039;histoire de ce lieu. De nombreuses et grandes cultures diff\u00e9rentes ont travers\u00e9 la r\u00e9gion. Les Romains ont \u00e9t\u00e9 les premiers \u00e0 construire des rues, des amphith\u00e9\u00e2tres et des thermes, ainsi que les premi\u00e8res maisons \u00e0 plancher chauffant. S&#039;il y a une chose dont ils devraient \u00eatre fiers, c&#039;est Aquincum. Le site arch\u00e9ologique romain antique le mieux conserv\u00e9, qui est aujourd&#039;hui utilis\u00e9 comme mus\u00e9e \u00e0 ciel ouvert de la ville. Les Hongrois se sont install\u00e9s pour la premi\u00e8re fois dans la ville \u00e0 la fin du IXe si\u00e8cle et ont fond\u00e9 le Royaume de Hongrie. En 1361, la ville fut d\u00e9clar\u00e9e capitale et le Bouddha joua un r\u00f4le cl\u00e9 dans le d\u00e9veloppement culturel.<\/p>\n\n\t\t<\/div>\n\t<\/div>\n\n\t<div class=\"wpb_text_column wpb_content_element  st-aboutus-title\" >\n\t\t<div class=\"wpb_wrapper\">\n\t\t\t<div id=\"tw-container\" class=\"YQaNob\" data-cp=\"1\" data-is-ver=\"false\" data-nnttsvi=\"1\" data-sm=\"1\" data-sugg-time=\"500\" data-sugg-url=\"https:\/\/clients1.google.com\/complete\/search\" data-uilc=\"el\">\n<div id=\"tw-ob\" class=\"tw-src-ltr\">\n<div class=\"oSioSc\">\n<div id=\"tw-target\">\n<div id=\"kAz1tf\" class=\"g9WsWb\">\n<div id=\"tw-target-text-container\" class=\"tw-ta-container hide-focus-ring tw-nfl\" tabindex=\"0\">\n<p id=\"tw-target-text\" class=\"tw-data-text tw-text-large XcVN5d tw-ta\" dir=\"ltr\" data-placeholder=\"\u039c\u03b5\u03c4\u03ac\u03c6\u03c1\u03b1\u03c3\u03b7\"><span class=\"Y2IQFc\" lang=\"en\">Le joyau du Danube<\/span><\/p>\n<\/div>\n<\/div>\n<\/div>\n<\/div>\n<\/div>\n<\/div>\n\n\t\t<\/div>\n\t<\/div>\n\n\t<div class=\"wpb_text_column wpb_content_element  st-aboutus-content\" >\n\t\t<div class=\"wpb_wrapper\">\n\t\t\t<p id=\"tw-target-text\" class=\"tw-data-text tw-text-large XcVN5d tw-ta\" dir=\"ltr\" data-placeholder=\"\u039c\u03b5\u03c4\u03ac\u03c6\u03c1\u03b1\u03c3\u03b7\">\u00c0 Budapest, en plus des rues pittoresques, des grands centres commerciaux et des h\u00f4tels de luxe, les visiteurs auront l&#039;occasion de d\u00e9couvrir un large \u00e9ventail d&#039;attractions. Premier arr\u00eat, le b\u00e2timent du Parlement national. C&#039;est le plus grand \u00e9difice du pays, situ\u00e9 sur les rives de Pest et abrite les joyaux de la couronne royale. Une attraction unique, aussi, est la basilique de Saint-\u00c9tienne, fondateur de la Hongrie, qui s&#039;\u00e9l\u00e8ve \u00e0 96 m\u00e8tres et qui, avec le Parlement, sont les deux b\u00e2timents les plus hauts de la ville. Ensuite, il faut souligner les innombrables petits et grands caf\u00e9s de la ville. Un point focal typique est le caf\u00e9 Zerbo. C&#039;est la p\u00e2tisserie la plus c\u00e9l\u00e8bre et la plus populaire de Budapest et elle est situ\u00e9e \u00e0 Pest sur la place Veresmorty. Il est construit dans l&#039;architecture Art Nouveau et sa d\u00e9coration et son aura vous captiveront. Lorsque vous voyagez \u00e0 Budapest, vous ne devez pas manquer de visiter le ch\u00e2teau. C&#039;est l&#039;ancien palais royal et abrite aujourd&#039;hui deux mus\u00e9es et une biblioth\u00e8que.<\/p>\n\n\t\t<\/div>\n\t<\/div>\n\n\t<div class=\"wpb_text_column wpb_content_element  st-aboutus-content\" >\n\t\t<div class=\"wpb_wrapper\">\n\t\t\t<p id=\"tw-target-text\" class=\"tw-data-text tw-text-large XcVN5d tw-ta\" dir=\"ltr\" data-placeholder=\"\u039c\u03b5\u03c4\u03ac\u03c6\u03c1\u03b1\u03c3\u03b7\">L&#039;attraction la plus populaire de la ville est l&#039;avenue Andrasi. Une visite \u00e0 ne pas manquer. Il s&#039;\u00e9tend sur deux kilom\u00e8tres et demi et relie le Deak Ferenc \u00e0 la place des H\u00e9ros. C&#039;est \u00e9galement une excellente occasion d&#039;assister au c\u00e9l\u00e8bre op\u00e9ra d&#039;\u00c9tat de Budapest, qui a accueilli les plus grands spectacles internationaux. Sous le boulevard se trouve la deuxi\u00e8me ligne de m\u00e9tro la plus ancienne du monde. L&#039;avenue Andrasi a \u00e9t\u00e9 d\u00e9clar\u00e9e site du patrimoine mondial de l&#039;UNESCO en 2002. En option, vous ne devez pas oublier de visiter les sept ponts du Danube. Deux des sept sont les plus importants. Le pont des cha\u00eenes, qui a uni pour la premi\u00e8re fois Bouddha \u00e0 Pest en 1849, et le pont Elizabeth (1903), o\u00f9 l&#039;imp\u00e9ratrice Elizabeth a \u00e9t\u00e9 retrouv\u00e9e assassin\u00e9e. Le luxe sans gaspillage. C&#039;est la phrase qui caract\u00e9rise une excursion \u00e0 Budapest. Des h\u00e9bergements de luxe et des h\u00e9bergements abordables rendent cette belle destination sur le Danube accessible. La cuisine raffin\u00e9e et la vie nocturne des bars de la ville rendront votre visite dans la capitale hongroise encore plus agr\u00e9able. Une opportunit\u00e9 id\u00e9ale s&#039;offre \u00e0 vous. Organisez un voyage unique \u00e0 Budapest !<\/p>\n\n\t\t<\/div>\n\t<\/div>\n<\/div>\n\t<\/div> \n<\/div><!--End .row--><\/div><!--End .container--><\/div><div class=\"vc_row wpb_row st bg-holder\"><div class='container'><div class='row'>\n\t<div class=\"wpb_column column_container col-md-12\"><div class=\"vc_column-inner wpb_wrapper\">\n\t\t\t<div class=\"vc_btn3-container vc_btn3-inline\" ><a style=\"background-color:#5191fa; color:#ffffff;\" class=\"vc_general vc_btn3 vc_btn3-size-md vc_btn3-shape-rounded vc_btn3-style-custom\" href=\"https:\/\/dreamlifetravel.gr\/index.php\/sidebar-search-layout\/?location_name=trp-post-container%20data-trp-post-id=%278567%27Budapest\/trp-post-container&#038;location_id=8567\" title=\"\" target=\"_blank\">Excursions \u00e0 Budapest<\/a><\/div><\/div>\n\t<\/div> \n<\/div><!--End .row--><\/div><!--End .container--><\/div>\n<\/section>","protected":false},"excerpt":{"rendered":"Are you preparing for a trip to Budapest? This is a real opportunity to get to know the Slavic culture, to taste the excellent Hungarian cuisine and to have fun. It is the capital of Hungary and consists of two cities (since 1873), Buda and Pest, which are connected by the Danube bridges, which separate [...]","protected":false},"author":1,"featured_media":8546,"parent":0,"menu_order":0,"comment_status":"closed","ping_status":"closed","template":"template-home-modern.php","meta":{"footnotes":""},"class_list":["post-8545","page","type-page","status-publish","has-post-thumbnail","hentry"],"yoast_head":"<!-- This site is optimized with the Yoast SEO plugin v27.5 - https:\/\/yoast.com\/product\/yoast-seo-wordpress\/ -->\n<title>Travel to Budapest - Dream Life Travel<\/title>\n<meta name=\"robots\" content=\"index, follow, max-snippet:-1, max-image-preview:large, max-video-preview:-1\" \/>\n<link rel=\"canonical\" href=\"https:\/\/dreamlifetravel.gr\/fr\/travel-to-budapest\/\" \/>\n<meta property=\"og:locale\" content=\"fr_FR\" \/>\n<meta property=\"og:type\" content=\"article\" \/>\n<meta property=\"og:title\" content=\"Travel to Budapest - Dream Life Travel\" \/>\n<meta property=\"og:url\" content=\"https:\/\/dreamlifetravel.gr\/fr\/travel-to-budapest\/\" \/>\n<meta property=\"og:site_name\" content=\"Dream Life Travel\" \/>\n<meta property=\"article:publisher\" content=\"https:\/\/www.facebook.com\/Dream-life-travel-109893747993004\/?ref=pages_you_manage\" \/>\n<meta property=\"article:modified_time\" content=\"2021-07-14T11:38:39+00:00\" \/>\n<meta property=\"og:image\" content=\"https:\/\/dreamlifetravel.gr\/wp-content\/uploads\/2021\/06\/image-1-15-1200x900.png\" \/>\n\t<meta property=\"og:image:width\" content=\"1200\" \/>\n\t<meta property=\"og:image:height\" content=\"900\" \/>\n\t<meta property=\"og:image:type\" content=\"image\/png\" \/>\n<meta name=\"twitter:card\" content=\"summary_large_image\" \/>\n<meta name=\"twitter:label1\" content=\"Dur\u00e9e de lecture estim\u00e9e\" \/>\n\t<meta name=\"twitter:data1\" content=\"3 minutes\" \/>\n<script type=\"application\/ld+json\" class=\"yoast-schema-graph\">{\"@context\":\"https:\\\/\\\/schema.org\",\"@graph\":[{\"@type\":\"WebPage\",\"@id\":\"https:\\\/\\\/dreamlifetravel.gr\\\/en\\\/travel-to-budapest\\\/\",\"url\":\"https:\\\/\\\/dreamlifetravel.gr\\\/en\\\/travel-to-budapest\\\/\",\"name\":\"Travel to Budapest - Dream Life Travel\",\"isPartOf\":{\"@id\":\"https:\\\/\\\/dreamlifetravel.gr\\\/el\\\/#website\"},\"primaryImageOfPage\":{\"@id\":\"https:\\\/\\\/dreamlifetravel.gr\\\/en\\\/travel-to-budapest\\\/#primaryimage\"},\"image\":{\"@id\":\"https:\\\/\\\/dreamlifetravel.gr\\\/en\\\/travel-to-budapest\\\/#primaryimage\"},\"thumbnailUrl\":\"https:\\\/\\\/dreamlifetravel.gr\\\/wp-content\\\/uploads\\\/2021\\\/06\\\/image-1-15.png\",\"datePublished\":\"2021-06-28T10:14:25+00:00\",\"dateModified\":\"2021-07-14T11:38:39+00:00\",\"breadcrumb\":{\"@id\":\"https:\\\/\\\/dreamlifetravel.gr\\\/en\\\/travel-to-budapest\\\/#breadcrumb\"},\"inLanguage\":\"fr-FR\",\"potentialAction\":[{\"@type\":\"ReadAction\",\"target\":[\"https:\\\/\\\/dreamlifetravel.gr\\\/en\\\/travel-to-budapest\\\/\"]}]},{\"@type\":\"ImageObject\",\"inLanguage\":\"fr-FR\",\"@id\":\"https:\\\/\\\/dreamlifetravel.gr\\\/en\\\/travel-to-budapest\\\/#primaryimage\",\"url\":\"https:\\\/\\\/dreamlifetravel.gr\\\/wp-content\\\/uploads\\\/2021\\\/06\\\/image-1-15.png\",\"contentUrl\":\"https:\\\/\\\/dreamlifetravel.gr\\\/wp-content\\\/uploads\\\/2021\\\/06\\\/image-1-15.png\",\"width\":1920,\"height\":1080,\"caption\":\"image\"},{\"@type\":\"BreadcrumbList\",\"@id\":\"https:\\\/\\\/dreamlifetravel.gr\\\/en\\\/travel-to-budapest\\\/#breadcrumb\",\"itemListElement\":[{\"@type\":\"ListItem\",\"position\":1,\"name\":\"Home\",\"item\":\"https:\\\/\\\/dreamlifetravel.gr\\\/\"},{\"@type\":\"ListItem\",\"position\":2,\"name\":\"Travel to Budapest\"}]},{\"@type\":\"WebSite\",\"@id\":\"https:\\\/\\\/dreamlifetravel.gr\\\/el\\\/#website\",\"url\":\"https:\\\/\\\/dreamlifetravel.gr\\\/el\\\/\",\"name\":\"Dream Life Travel\",\"description\":\"The Best Tour Experience\",\"publisher\":{\"@id\":\"https:\\\/\\\/dreamlifetravel.gr\\\/el\\\/#organization\"},\"potentialAction\":[{\"@type\":\"SearchAction\",\"target\":{\"@type\":\"EntryPoint\",\"urlTemplate\":\"https:\\\/\\\/dreamlifetravel.gr\\\/el\\\/?s={search_term_string}\"},\"query-input\":{\"@type\":\"PropertyValueSpecification\",\"valueRequired\":true,\"valueName\":\"search_term_string\"}}],\"inLanguage\":\"fr-FR\"},{\"@type\":\"Organization\",\"@id\":\"https:\\\/\\\/dreamlifetravel.gr\\\/el\\\/#organization\",\"name\":\"dreamlifetravel\",\"url\":\"https:\\\/\\\/dreamlifetravel.gr\\\/el\\\/\",\"logo\":{\"@type\":\"ImageObject\",\"inLanguage\":\"fr-FR\",\"@id\":\"https:\\\/\\\/dreamlifetravel.gr\\\/el\\\/#\\\/schema\\\/logo\\\/image\\\/\",\"url\":\"https:\\\/\\\/dreamlifetravel.gr\\\/wp-content\\\/uploads\\\/2018\\\/12\\\/203377155_111002757790531_4475099207187108932_n-1-1.png\",\"contentUrl\":\"https:\\\/\\\/dreamlifetravel.gr\\\/wp-content\\\/uploads\\\/2018\\\/12\\\/203377155_111002757790531_4475099207187108932_n-1-1.png\",\"width\":140,\"height\":57,\"caption\":\"dreamlifetravel\"},\"image\":{\"@id\":\"https:\\\/\\\/dreamlifetravel.gr\\\/el\\\/#\\\/schema\\\/logo\\\/image\\\/\"},\"sameAs\":[\"https:\\\/\\\/www.facebook.com\\\/Dream-life-travel-109893747993004\\\/?ref=pages_you_manage\",\"https:\\\/\\\/www.instagram.com\\\/dreamlife_travel_\\\/\"]}]}<\/script>\n<!-- \/ Yoast SEO plugin. -->","yoast_head_json":{"title":"Travel to Budapest - Dream Life Travel","robots":{"index":"index","follow":"follow","max-snippet":"max-snippet:-1","max-image-preview":"max-image-preview:large","max-video-preview":"max-video-preview:-1"},"canonical":"https:\/\/dreamlifetravel.gr\/fr\/travel-to-budapest\/","og_locale":"fr_FR","og_type":"article","og_title":"Travel to Budapest - Dream Life Travel","og_url":"https:\/\/dreamlifetravel.gr\/fr\/travel-to-budapest\/","og_site_name":"Dream Life Travel","article_publisher":"https:\/\/www.facebook.com\/Dream-life-travel-109893747993004\/?ref=pages_you_manage","article_modified_time":"2021-07-14T11:38:39+00:00","og_image":[{"width":1200,"height":900,"url":"https:\/\/dreamlifetravel.gr\/wp-content\/uploads\/2021\/06\/image-1-15-1200x900.png","type":"image\/png"}],"twitter_card":"summary_large_image","twitter_misc":{"Dur\u00e9e de lecture estim\u00e9e":"3 minutes"},"schema":{"@context":"https:\/\/schema.org","@graph":[{"@type":"WebPage","@id":"https:\/\/dreamlifetravel.gr\/en\/travel-to-budapest\/","url":"https:\/\/dreamlifetravel.gr\/en\/travel-to-budapest\/","name":"Travel to Budapest - Dream Life Travel","isPartOf":{"@id":"https:\/\/dreamlifetravel.gr\/el\/#website"},"primaryImageOfPage":{"@id":"https:\/\/dreamlifetravel.gr\/en\/travel-to-budapest\/#primaryimage"},"image":{"@id":"https:\/\/dreamlifetravel.gr\/en\/travel-to-budapest\/#primaryimage"},"thumbnailUrl":"https:\/\/dreamlifetravel.gr\/wp-content\/uploads\/2021\/06\/image-1-15.png","datePublished":"2021-06-28T10:14:25+00:00","dateModified":"2021-07-14T11:38:39+00:00","breadcrumb":{"@id":"https:\/\/dreamlifetravel.gr\/en\/travel-to-budapest\/#breadcrumb"},"inLanguage":"fr-FR","potentialAction":[{"@type":"ReadAction","target":["https:\/\/dreamlifetravel.gr\/en\/travel-to-budapest\/"]}]},{"@type":"ImageObject","inLanguage":"fr-FR","@id":"https:\/\/dreamlifetravel.gr\/en\/travel-to-budapest\/#primaryimage","url":"https:\/\/dreamlifetravel.gr\/wp-content\/uploads\/2021\/06\/image-1-15.png","contentUrl":"https:\/\/dreamlifetravel.gr\/wp-content\/uploads\/2021\/06\/image-1-15.png","width":1920,"height":1080,"caption":"image"},{"@type":"BreadcrumbList","@id":"https:\/\/dreamlifetravel.gr\/en\/travel-to-budapest\/#breadcrumb","itemListElement":[{"@type":"ListItem","position":1,"name":"Home","item":"https:\/\/dreamlifetravel.gr\/"},{"@type":"ListItem","position":2,"name":"Travel to Budapest"}]},{"@type":"WebSite","@id":"https:\/\/dreamlifetravel.gr\/el\/#website","url":"https:\/\/dreamlifetravel.gr\/el\/","name":"Voyage de la vie de r\u00eave","description":"La meilleure exp\u00e9rience de visite","publisher":{"@id":"https:\/\/dreamlifetravel.gr\/el\/#organization"},"potentialAction":[{"@type":"SearchAction","target":{"@type":"EntryPoint","urlTemplate":"https:\/\/dreamlifetravel.gr\/el\/?s={search_term_string}"},"query-input":{"@type":"PropertyValueSpecification","valueRequired":true,"valueName":"search_term_string"}}],"inLanguage":"fr-FR"},{"@type":"Organization","@id":"https:\/\/dreamlifetravel.gr\/el\/#organization","name":"dreamlifetravel","url":"https:\/\/dreamlifetravel.gr\/el\/","logo":{"@type":"ImageObject","inLanguage":"fr-FR","@id":"https:\/\/dreamlifetravel.gr\/el\/#\/schema\/logo\/image\/","url":"https:\/\/dreamlifetravel.gr\/wp-content\/uploads\/2018\/12\/203377155_111002757790531_4475099207187108932_n-1-1.png","contentUrl":"https:\/\/dreamlifetravel.gr\/wp-content\/uploads\/2018\/12\/203377155_111002757790531_4475099207187108932_n-1-1.png","width":140,"height":57,"caption":"dreamlifetravel"},"image":{"@id":"https:\/\/dreamlifetravel.gr\/el\/#\/schema\/logo\/image\/"},"sameAs":["https:\/\/www.facebook.com\/Dream-life-travel-109893747993004\/?ref=pages_you_manage","https:\/\/www.instagram.com\/dreamlife_travel_\/"]}]}},"_links":{"self":[{"href":"https:\/\/dreamlifetravel.gr\/fr\/wp-json\/wp\/v2\/pages\/8545","targetHints":{"allow":["GET"]}}],"collection":[{"href":"https:\/\/dreamlifetravel.gr\/fr\/wp-json\/wp\/v2\/pages"}],"about":[{"href":"https:\/\/dreamlifetravel.gr\/fr\/wp-json\/wp\/v2\/types\/page"}],"author":[{"embeddable":true,"href":"https:\/\/dreamlifetravel.gr\/fr\/wp-json\/wp\/v2\/users\/1"}],"replies":[{"embeddable":true,"href":"https:\/\/dreamlifetravel.gr\/fr\/wp-json\/wp\/v2\/comments?post=8545"}],"version-history":[{"count":5,"href":"https:\/\/dreamlifetravel.gr\/fr\/wp-json\/wp\/v2\/pages\/8545\/revisions"}],"predecessor-version":[{"id":8799,"href":"https:\/\/dreamlifetravel.gr\/fr\/wp-json\/wp\/v2\/pages\/8545\/revisions\/8799"}],"wp:featuredmedia":[{"embeddable":true,"href":"https:\/\/dreamlifetravel.gr\/fr\/wp-json\/wp\/v2\/media\/8546"}],"wp:attachment":[{"href":"https:\/\/dreamlifetravel.gr\/fr\/wp-json\/wp\/v2\/media?parent=8545"}],"curies":[{"name":"wp","href":"https:\/\/api.w.org\/{rel}","templated":true}]}}