{"id":8482,"date":"2021-06-25T08:38:37","date_gmt":"2021-06-25T08:38:37","guid":{"rendered":"http:\/\/dream-life-travel.wp-travelsoft.ovh\/?page_id=8482"},"modified":"2021-07-14T11:35:08","modified_gmt":"2021-07-14T11:35:08","slug":"holidays-in-mykonos","status":"publish","type":"page","link":"https:\/\/dreamlifetravel.gr\/fr\/holidays-in-mykonos\/","title":{"rendered":"Vacances \u00e0 Mykonos"},"content":{"rendered":"<section class=\"wpb-content-wrapper\"><div class=\"vc_row wpb_row st bg-holder\"><div class='container'><div class='row'>\n\t<div class=\"wpb_column column_container col-md-12\"><div class=\"vc_column-inner wpb_wrapper\">\n\t\t\t<div class=\"vc_empty_space\"   style=\"height: 32px\"><span class=\"vc_empty_space_inner\"><\/span><\/div>\n\t<div class=\"wpb_text_column wpb_content_element  st-aboutus-content\" >\n\t\t<div class=\"wpb_wrapper\">\n\t\t\t<div id=\"tw-container\" class=\"YQaNob\" data-cp=\"1\" data-is-ver=\"false\" data-nnttsvi=\"1\" data-sm=\"1\" data-sugg-time=\"500\" data-sugg-url=\"https:\/\/clients1.google.com\/complete\/search\" data-uilc=\"el\">\n<div id=\"tw-ob\" class=\"tw-src-ltr\">\n<div class=\"oSioSc\">\n<div id=\"tw-target\">\n<div id=\"kAz1tf\" class=\"g9WsWb\">\n<div id=\"tw-target-text-container\" class=\"tw-ta-container hide-focus-ring tw-nfl\" tabindex=\"0\">\n<p id=\"tw-target-text\" class=\"tw-data-text tw-text-large XcVN5d tw-ta\" dir=\"ltr\" data-placeholder=\"\u039c\u03b5\u03c4\u03ac\u03c6\u03c1\u03b1\u03c3\u03b7\"><span class=\"Y2IQFc\" lang=\"en\">Enjoy the Holidays in Mykonos, the island of the winds. Summer in Mykonos. The cosmopolitan aura, the luxurious organization of the island will excite you. An internationally renowned destination for ideal entertainment &#8211; intense life is at the disposal of every traveler who wants to spend a holiday with loud music and accumulated wealth.<\/span><\/p>\n<\/div>\n<\/div>\n<\/div>\n<\/div>\n<\/div>\n<div id=\"tw-images\"><\/div>\n<div class=\"dURPtb\"><\/div>\n<div>\n<div><\/div>\n<\/div>\n<\/div>\n<div class=\"KFFQ0c xKf9F\"><\/div>\n\n\t\t<\/div>\n\t<\/div>\n\n\t<div class=\"wpb_text_column wpb_content_element  st-aboutus-content\" >\n\t\t<div class=\"wpb_wrapper\">\n\t\t\t<div id=\"tw-container\" class=\"YQaNob\" data-cp=\"1\" data-is-ver=\"false\" data-nnttsvi=\"1\" data-sm=\"1\" data-sugg-time=\"500\" data-sugg-url=\"https:\/\/clients1.google.com\/complete\/search\" data-uilc=\"el\">\n<div id=\"tw-ob\" class=\"tw-src-ltr\">\n<div class=\"oSioSc\">\n<div tabindex=\"0\">Le pays est situ\u00e9 \u00e0 l&#039;ouest de l&#039;\u00eele, tandis que la combinaison de l&#039;architecture cycladique avec des maisons blanches, le bleu du ciel, la mer respire la tradition insulaire du pays. Il est anim\u00e9 toute la journ\u00e9e, car il y a de nombreuses ruelles pi\u00e9tonnes pittoresques, des restaurants, des caf\u00e9s et des bars. Dans ses petites ruelles, on peut trouver des petites boutiques touristiques aux magasins avec des marques internationalement reconnues. A c\u00f4t\u00e9, le pays est orn\u00e9 de la petite Venise. Un village cr\u00e9\u00e9 \u00e0 partir du milieu du 18\u00e8me si\u00e8cle. construit dans la mer rappelle la ville italienne. Enfin, au centre de l&#039;\u00eele, sans \u00eatre plu par la mer, se trouve le village d&#039;Ano Mera, c\u00e9l\u00e8bre pour son paysage naturel.<\/div>\n<\/div>\n<\/div>\n<div tabindex=\"0\"><\/div>\n<div tabindex=\"0\">Depuis 1960, les touristes affluent en masse \u00e0 Mykonos pour la vie et la beaut\u00e9. C&#039;est une \u00eele avec 30 plages, un grand nombre pour sa taille qui r\u00e9pondent \u00e0 tous les go\u00fbts. Alors que, dans toute l&#039;\u00eele, il existe des h\u00e9bergements id\u00e9aux pour le repos, des h\u00e9bergements confortables avec leurs services d&#039;\u00eatre de qualit\u00e9 mondiale.<\/div>\n<\/div>\n\n\t\t<\/div>\n\t<\/div>\n\n\t<div class=\"wpb_text_column wpb_content_element  st-aboutus-title\" >\n\t\t<div class=\"wpb_wrapper\">\n\t\t\t<div id=\"tw-container\" class=\"YQaNob\" data-cp=\"1\" data-is-ver=\"false\" data-nnttsvi=\"1\" data-sm=\"1\" data-sugg-time=\"500\" data-sugg-url=\"https:\/\/clients1.google.com\/complete\/search\" data-uilc=\"el\">\n<div id=\"tw-ob\" class=\"tw-src-ltr\">\n<div class=\"oSioSc\">\n<div id=\"tw-target\">\n<div id=\"kAz1tf\" class=\"g9WsWb\">\n<div id=\"tw-target-text-container\" class=\"tw-ta-container hide-focus-ring tw-nfl\" tabindex=\"0\">Les plages les plus c\u00e9l\u00e8bres de Mykonos<\/div>\n<\/div>\n<\/div>\n<\/div>\n<\/div>\n<\/div>\n\n\t\t<\/div>\n\t<\/div>\n\n\t<div class=\"wpb_text_column wpb_content_element  st-aboutus-content\" >\n\t\t<div class=\"wpb_wrapper\">\n\t\t\t<p id=\"tw-target-text\" class=\"tw-data-text tw-text-large XcVN5d tw-ta\" dir=\"ltr\" data-placeholder=\"\u039c\u03b5\u03c4\u03ac\u03c6\u03c1\u03b1\u03c3\u03b7\">Si vous pr\u00e9voyez un s\u00e9jour \u00e0 Mykonos, cela vaut la peine de jeter un \u0153il \u00e0 ses plages. Pour les amoureux de la faune, il y a les plages d&#039;Agios Sostis et de Merchia. D\u00e9sorganis\u00e9, avec une v\u00e9g\u00e9tation atteignant la plage, donne aux voyageurs l&#039;occasion de d\u00e9couvrir les conditions de vie tropicales de la r\u00e9gion. Ensuite, aussi absurde que cela puisse para\u00eetre, Mykonos poss\u00e8de de nombreuses plages qui desservent les familles. Panormos et Agios Stefanos sont exactement ce qu&#039;ils recherchent. Plages organis\u00e9es avec des eaux calmes et peu profondes qui offrent la s\u00e9curit\u00e9 n\u00e9cessaire aux enfants.<\/p>\n\n\t\t<\/div>\n\t<\/div>\n\n\t<div class=\"wpb_text_column wpb_content_element  st-aboutus-content\" >\n\t\t<div class=\"wpb_wrapper\">\n\t\t\t<p id=\"tw-target-text\" class=\"tw-data-text tw-text-large XcVN5d tw-ta\" dir=\"ltr\" data-placeholder=\"\u039c\u03b5\u03c4\u03ac\u03c6\u03c1\u03b1\u03c3\u03b7\">Ensuite, les plages de Lia, Kalo Livadi, Elia, Kalafatis sont de belles plages tranquilles et organis\u00e9es. \u00c0 Elia et Kalo Livadi, il existe des possibilit\u00e9s de sports nautiques tandis qu&#039;\u00e0 Lia et Kalafatis, il existe des centres de plong\u00e9e. La communaut\u00e9 de Platys Gialos est situ\u00e9e \u00e0 2 km du pays et est connue pour les bateaux qui m\u00e8nent aux autres plages du sud. Elle poss\u00e8de de nombreux restaurants, bars de plage, boutiques touristiques ainsi qu&#039;une plage propos\u00e9e pour les sports nautiques. Il vaut la peine d&#039;\u00eatre visit\u00e9 pendant votre s\u00e9jour \u00e0 Mykonos.<\/p>\n<p dir=\"ltr\" data-placeholder=\"\u039c\u03b5\u03c4\u03ac\u03c6\u03c1\u03b1\u03c3\u03b7\">The beach that made Mykonos famous since the early 70&#8217;s is called Paraga. Famous for its loud music on the beaches it offers many accommodation options with rooms to let, hotels and camping. Ornos is another beach near the country that is quiet, organized and friendly to families. Finally, Psarou is one of the most famous beaches of Mykonos. Famous customers from all over the world and the high prices offer pleasures of special expectations. On this beach you will find 3 restaurants, 1 beach bar and 1 diving center.<\/p>\n\n\t\t<\/div>\n\t<\/div>\n\n\t<div class=\"wpb_text_column wpb_content_element  st-aboutus-content\" >\n\t\t<div class=\"wpb_wrapper\">\n\t\t\t<p id=\"tw-target-text\" class=\"tw-data-text tw-text-large XcVN5d tw-ta\" dir=\"ltr\" data-placeholder=\"\u039c\u03b5\u03c4\u03ac\u03c6\u03c1\u03b1\u03c3\u03b7\">The trademark of the island could only be the beaches of Paradise and Super Paradise. Two beaches where the fun starts early. The ethereal presences with the abundant alcohol flowing from early noon awaken all the senses. Latin and house rhythms turn the beach into a dance floor. These are moments of indomitable fun that if you do not experience them you can not imagine. Branded DJs, VIP clients frame the spectacle that takes place. Access is easy by car, the country&#8217;s KTEL or the boat from Platys Gialos.<\/p>\n\n\t\t<\/div>\n\t<\/div>\n<\/div>\n\t<\/div> \n<\/div><!--End .row--><\/div><!--End .container--><\/div><div class=\"vc_row wpb_row st bg-holder\"><div class='container'><div class='row'>\n\t<div class=\"wpb_column column_container col-md-12\"><div class=\"vc_column-inner wpb_wrapper\">\n\t\t\t<div class=\"vc_btn3-container vc_btn3-inline\" ><a style=\"background-color:#5191fa; color:#ffffff;\" class=\"vc_general vc_btn3 vc_btn3-size-md vc_btn3-shape-rounded vc_btn3-style-custom\" href=\"https:\/\/dreamlifetravel.gr\/index.php\/sidebar-search-layout\/?location_name=trp-post-container%20data-trp-post-id=%277965%27Mykonos\/trp-post-container&#038;location_id=7965\" title=\"\" target=\"_blank\">Visites guid\u00e9es \u00e0 Mykonos<\/a><\/div><\/div>\n\t<\/div> \n<\/div><!--End .row--><\/div><!--End .container--><\/div>\n<\/section>","protected":false},"excerpt":{"rendered":"Enjoy the Holidays in Mykonos, the island of the winds. Summer in Mykonos. The cosmopolitan aura, the luxurious organization of the island will excite you. An internationally renowned destination for ideal entertainment - intense life is at the disposal of every traveler who wants to spend a holiday with loud music and accumulated wealth. The [...]","protected":false},"author":1,"featured_media":8370,"parent":0,"menu_order":0,"comment_status":"closed","ping_status":"closed","template":"template-home-modern.php","meta":{"footnotes":""},"class_list":["post-8482","page","type-page","status-publish","has-post-thumbnail","hentry"],"yoast_head":"<!-- This site is optimized with the Yoast SEO plugin v27.3 - https:\/\/yoast.com\/product\/yoast-seo-wordpress\/ -->\n<title>Holidays in Mykonos - Dream Life Travel<\/title>\n<meta name=\"robots\" content=\"index, follow, max-snippet:-1, max-image-preview:large, max-video-preview:-1\" \/>\n<link rel=\"canonical\" href=\"https:\/\/dreamlifetravel.gr\/fr\/holidays-in-mykonos\/\" \/>\n<meta property=\"og:locale\" content=\"fr_FR\" \/>\n<meta property=\"og:type\" content=\"article\" \/>\n<meta property=\"og:title\" content=\"Holidays in Mykonos - Dream Life Travel\" \/>\n<meta property=\"og:url\" content=\"https:\/\/dreamlifetravel.gr\/fr\/holidays-in-mykonos\/\" \/>\n<meta property=\"og:site_name\" content=\"Dream Life Travel\" \/>\n<meta property=\"article:publisher\" content=\"https:\/\/www.facebook.com\/Dream-life-travel-109893747993004\/?ref=pages_you_manage\" \/>\n<meta property=\"article:modified_time\" content=\"2021-07-14T11:35:08+00:00\" \/>\n<meta property=\"og:image\" content=\"https:\/\/dreamlifetravel.gr\/wp-content\/uploads\/2021\/06\/best-places-to-watch-sunset-in-Mykonos-Porta-Bar-Mykonos-1.jpg\" \/>\n\t<meta property=\"og:image:width\" content=\"1000\" \/>\n\t<meta property=\"og:image:height\" content=\"667\" \/>\n\t<meta property=\"og:image:type\" content=\"image\/jpeg\" \/>\n<meta name=\"twitter:card\" content=\"summary_large_image\" \/>\n<meta name=\"twitter:label1\" content=\"Dur\u00e9e de lecture estim\u00e9e\" \/>\n\t<meta name=\"twitter:data1\" content=\"3 minutes\" \/>\n<script type=\"application\/ld+json\" class=\"yoast-schema-graph\">{\"@context\":\"https:\\\/\\\/schema.org\",\"@graph\":[{\"@type\":\"WebPage\",\"@id\":\"https:\\\/\\\/dreamlifetravel.gr\\\/el\\\/holidays-in-mykonos\\\/\",\"url\":\"https:\\\/\\\/dreamlifetravel.gr\\\/el\\\/holidays-in-mykonos\\\/\",\"name\":\"Holidays in Mykonos - Dream Life Travel\",\"isPartOf\":{\"@id\":\"https:\\\/\\\/dreamlifetravel.gr\\\/el\\\/#website\"},\"primaryImageOfPage\":{\"@id\":\"https:\\\/\\\/dreamlifetravel.gr\\\/el\\\/holidays-in-mykonos\\\/#primaryimage\"},\"image\":{\"@id\":\"https:\\\/\\\/dreamlifetravel.gr\\\/el\\\/holidays-in-mykonos\\\/#primaryimage\"},\"thumbnailUrl\":\"https:\\\/\\\/dreamlifetravel.gr\\\/wp-content\\\/uploads\\\/2021\\\/06\\\/best-places-to-watch-sunset-in-Mykonos-Porta-Bar-Mykonos-1.jpg\",\"datePublished\":\"2021-06-25T08:38:37+00:00\",\"dateModified\":\"2021-07-14T11:35:08+00:00\",\"breadcrumb\":{\"@id\":\"https:\\\/\\\/dreamlifetravel.gr\\\/el\\\/holidays-in-mykonos\\\/#breadcrumb\"},\"inLanguage\":\"fr-FR\",\"potentialAction\":[{\"@type\":\"ReadAction\",\"target\":[\"https:\\\/\\\/dreamlifetravel.gr\\\/el\\\/holidays-in-mykonos\\\/\"]}]},{\"@type\":\"ImageObject\",\"inLanguage\":\"fr-FR\",\"@id\":\"https:\\\/\\\/dreamlifetravel.gr\\\/el\\\/holidays-in-mykonos\\\/#primaryimage\",\"url\":\"https:\\\/\\\/dreamlifetravel.gr\\\/wp-content\\\/uploads\\\/2021\\\/06\\\/best-places-to-watch-sunset-in-Mykonos-Porta-Bar-Mykonos-1.jpg\",\"contentUrl\":\"https:\\\/\\\/dreamlifetravel.gr\\\/wp-content\\\/uploads\\\/2021\\\/06\\\/best-places-to-watch-sunset-in-Mykonos-Porta-Bar-Mykonos-1.jpg\",\"width\":1000,\"height\":667,\"caption\":\"best places to watch sunset in Mykonos Porta Bar Mykonos\"},{\"@type\":\"BreadcrumbList\",\"@id\":\"https:\\\/\\\/dreamlifetravel.gr\\\/el\\\/holidays-in-mykonos\\\/#breadcrumb\",\"itemListElement\":[{\"@type\":\"ListItem\",\"position\":1,\"name\":\"Home\",\"item\":\"https:\\\/\\\/dreamlifetravel.gr\\\/\"},{\"@type\":\"ListItem\",\"position\":2,\"name\":\"Holidays in Mykonos\"}]},{\"@type\":\"WebSite\",\"@id\":\"https:\\\/\\\/dreamlifetravel.gr\\\/el\\\/#website\",\"url\":\"https:\\\/\\\/dreamlifetravel.gr\\\/el\\\/\",\"name\":\"Dream Life Travel\",\"description\":\"The Best Tour Experience\",\"publisher\":{\"@id\":\"https:\\\/\\\/dreamlifetravel.gr\\\/el\\\/#organization\"},\"potentialAction\":[{\"@type\":\"SearchAction\",\"target\":{\"@type\":\"EntryPoint\",\"urlTemplate\":\"https:\\\/\\\/dreamlifetravel.gr\\\/el\\\/?s={search_term_string}\"},\"query-input\":{\"@type\":\"PropertyValueSpecification\",\"valueRequired\":true,\"valueName\":\"search_term_string\"}}],\"inLanguage\":\"fr-FR\"},{\"@type\":\"Organization\",\"@id\":\"https:\\\/\\\/dreamlifetravel.gr\\\/el\\\/#organization\",\"name\":\"dreamlifetravel\",\"url\":\"https:\\\/\\\/dreamlifetravel.gr\\\/el\\\/\",\"logo\":{\"@type\":\"ImageObject\",\"inLanguage\":\"fr-FR\",\"@id\":\"https:\\\/\\\/dreamlifetravel.gr\\\/el\\\/#\\\/schema\\\/logo\\\/image\\\/\",\"url\":\"https:\\\/\\\/dreamlifetravel.gr\\\/wp-content\\\/uploads\\\/2018\\\/12\\\/203377155_111002757790531_4475099207187108932_n-1-1.png\",\"contentUrl\":\"https:\\\/\\\/dreamlifetravel.gr\\\/wp-content\\\/uploads\\\/2018\\\/12\\\/203377155_111002757790531_4475099207187108932_n-1-1.png\",\"width\":140,\"height\":57,\"caption\":\"dreamlifetravel\"},\"image\":{\"@id\":\"https:\\\/\\\/dreamlifetravel.gr\\\/el\\\/#\\\/schema\\\/logo\\\/image\\\/\"},\"sameAs\":[\"https:\\\/\\\/www.facebook.com\\\/Dream-life-travel-109893747993004\\\/?ref=pages_you_manage\",\"https:\\\/\\\/www.instagram.com\\\/dreamlife_travel_\\\/\"]}]}<\/script>\n<!-- \/ Yoast SEO plugin. -->","yoast_head_json":{"title":"Holidays in Mykonos - Dream Life Travel","robots":{"index":"index","follow":"follow","max-snippet":"max-snippet:-1","max-image-preview":"max-image-preview:large","max-video-preview":"max-video-preview:-1"},"canonical":"https:\/\/dreamlifetravel.gr\/fr\/holidays-in-mykonos\/","og_locale":"fr_FR","og_type":"article","og_title":"Holidays in Mykonos - Dream Life Travel","og_url":"https:\/\/dreamlifetravel.gr\/fr\/holidays-in-mykonos\/","og_site_name":"Dream Life Travel","article_publisher":"https:\/\/www.facebook.com\/Dream-life-travel-109893747993004\/?ref=pages_you_manage","article_modified_time":"2021-07-14T11:35:08+00:00","og_image":[{"width":1000,"height":667,"url":"https:\/\/dreamlifetravel.gr\/wp-content\/uploads\/2021\/06\/best-places-to-watch-sunset-in-Mykonos-Porta-Bar-Mykonos-1.jpg","type":"image\/jpeg"}],"twitter_card":"summary_large_image","twitter_misc":{"Dur\u00e9e de lecture estim\u00e9e":"3 minutes"},"schema":{"@context":"https:\/\/schema.org","@graph":[{"@type":"WebPage","@id":"https:\/\/dreamlifetravel.gr\/el\/holidays-in-mykonos\/","url":"https:\/\/dreamlifetravel.gr\/el\/holidays-in-mykonos\/","name":"Holidays in Mykonos - Dream Life Travel","isPartOf":{"@id":"https:\/\/dreamlifetravel.gr\/el\/#website"},"primaryImageOfPage":{"@id":"https:\/\/dreamlifetravel.gr\/el\/holidays-in-mykonos\/#primaryimage"},"image":{"@id":"https:\/\/dreamlifetravel.gr\/el\/holidays-in-mykonos\/#primaryimage"},"thumbnailUrl":"https:\/\/dreamlifetravel.gr\/wp-content\/uploads\/2021\/06\/best-places-to-watch-sunset-in-Mykonos-Porta-Bar-Mykonos-1.jpg","datePublished":"2021-06-25T08:38:37+00:00","dateModified":"2021-07-14T11:35:08+00:00","breadcrumb":{"@id":"https:\/\/dreamlifetravel.gr\/el\/holidays-in-mykonos\/#breadcrumb"},"inLanguage":"fr-FR","potentialAction":[{"@type":"ReadAction","target":["https:\/\/dreamlifetravel.gr\/el\/holidays-in-mykonos\/"]}]},{"@type":"ImageObject","inLanguage":"fr-FR","@id":"https:\/\/dreamlifetravel.gr\/el\/holidays-in-mykonos\/#primaryimage","url":"https:\/\/dreamlifetravel.gr\/wp-content\/uploads\/2021\/06\/best-places-to-watch-sunset-in-Mykonos-Porta-Bar-Mykonos-1.jpg","contentUrl":"https:\/\/dreamlifetravel.gr\/wp-content\/uploads\/2021\/06\/best-places-to-watch-sunset-in-Mykonos-Porta-Bar-Mykonos-1.jpg","width":1000,"height":667,"caption":"best places to watch sunset in Mykonos Porta Bar Mykonos"},{"@type":"BreadcrumbList","@id":"https:\/\/dreamlifetravel.gr\/el\/holidays-in-mykonos\/#breadcrumb","itemListElement":[{"@type":"ListItem","position":1,"name":"Home","item":"https:\/\/dreamlifetravel.gr\/"},{"@type":"ListItem","position":2,"name":"Holidays in Mykonos"}]},{"@type":"WebSite","@id":"https:\/\/dreamlifetravel.gr\/el\/#website","url":"https:\/\/dreamlifetravel.gr\/el\/","name":"Voyage de la vie de r\u00eave","description":"La meilleure exp\u00e9rience de visite","publisher":{"@id":"https:\/\/dreamlifetravel.gr\/el\/#organization"},"potentialAction":[{"@type":"SearchAction","target":{"@type":"EntryPoint","urlTemplate":"https:\/\/dreamlifetravel.gr\/el\/?s={search_term_string}"},"query-input":{"@type":"PropertyValueSpecification","valueRequired":true,"valueName":"search_term_string"}}],"inLanguage":"fr-FR"},{"@type":"Organization","@id":"https:\/\/dreamlifetravel.gr\/el\/#organization","name":"dreamlifetravel","url":"https:\/\/dreamlifetravel.gr\/el\/","logo":{"@type":"ImageObject","inLanguage":"fr-FR","@id":"https:\/\/dreamlifetravel.gr\/el\/#\/schema\/logo\/image\/","url":"https:\/\/dreamlifetravel.gr\/wp-content\/uploads\/2018\/12\/203377155_111002757790531_4475099207187108932_n-1-1.png","contentUrl":"https:\/\/dreamlifetravel.gr\/wp-content\/uploads\/2018\/12\/203377155_111002757790531_4475099207187108932_n-1-1.png","width":140,"height":57,"caption":"dreamlifetravel"},"image":{"@id":"https:\/\/dreamlifetravel.gr\/el\/#\/schema\/logo\/image\/"},"sameAs":["https:\/\/www.facebook.com\/Dream-life-travel-109893747993004\/?ref=pages_you_manage","https:\/\/www.instagram.com\/dreamlife_travel_\/"]}]}},"_links":{"self":[{"href":"https:\/\/dreamlifetravel.gr\/fr\/wp-json\/wp\/v2\/pages\/8482","targetHints":{"allow":["GET"]}}],"collection":[{"href":"https:\/\/dreamlifetravel.gr\/fr\/wp-json\/wp\/v2\/pages"}],"about":[{"href":"https:\/\/dreamlifetravel.gr\/fr\/wp-json\/wp\/v2\/types\/page"}],"author":[{"embeddable":true,"href":"https:\/\/dreamlifetravel.gr\/fr\/wp-json\/wp\/v2\/users\/1"}],"replies":[{"embeddable":true,"href":"https:\/\/dreamlifetravel.gr\/fr\/wp-json\/wp\/v2\/comments?post=8482"}],"version-history":[{"count":11,"href":"https:\/\/dreamlifetravel.gr\/fr\/wp-json\/wp\/v2\/pages\/8482\/revisions"}],"predecessor-version":[{"id":8794,"href":"https:\/\/dreamlifetravel.gr\/fr\/wp-json\/wp\/v2\/pages\/8482\/revisions\/8794"}],"wp:featuredmedia":[{"embeddable":true,"href":"https:\/\/dreamlifetravel.gr\/fr\/wp-json\/wp\/v2\/media\/8370"}],"wp:attachment":[{"href":"https:\/\/dreamlifetravel.gr\/fr\/wp-json\/wp\/v2\/media?parent=8482"}],"curies":[{"name":"wp","href":"https:\/\/api.w.org\/{rel}","templated":true}]}}