{"id":8468,"date":"2021-06-25T08:19:44","date_gmt":"2021-06-25T08:19:44","guid":{"rendered":"http:\/\/dream-life-travel.wp-travelsoft.ovh\/?page_id=8468"},"modified":"2021-07-14T11:33:43","modified_gmt":"2021-07-14T11:33:43","slug":"holidays-in-arachova","status":"publish","type":"page","link":"https:\/\/dreamlifetravel.gr\/fr\/holidays-in-arachova\/","title":{"rendered":"Vacances \u00e0 Arachova"},"content":{"rendered":"<section class=\"wpb-content-wrapper\"><div class=\"vc_row wpb_row st bg-holder\"><div class='container'><div class='row'>\n\t<div class=\"wpb_column column_container col-md-12\"><div class=\"vc_column-inner wpb_wrapper\">\n\t\t\t<div class=\"vc_empty_space\"   style=\"height: 32px\"><span class=\"vc_empty_space_inner\"><\/span><\/div>\n\t<div class=\"wpb_text_column wpb_content_element  st-aboutus-content\" >\n\t\t<div class=\"wpb_wrapper\">\n\t\t\t<p id=\"tw-target-text\" class=\"tw-data-text tw-text-large XcVN5d tw-ta\" dir=\"ltr\" data-placeholder=\"\u039c\u03b5\u03c4\u03ac\u03c6\u03c1\u03b1\u03c3\u03b7\">Profitez de vacances uniques \u00e0 Arachova! Au pied du mont Parnasse, au milieu des cypr\u00e8s, se trouve un village qui est plus ou moins le point de r\u00e9f\u00e9rence de l&#039;excursion hivernale : Arachova est largement connue pour son hospitalit\u00e9, ses sports d&#039;hiver et ses petites mais bonnes animations nocturnes. D&#039;autres histoires connues et d&#039;autres moins connues sont propos\u00e9es aux visiteurs dans une exp\u00e9rience qui restera inoubliable.<\/p>\n\n\t\t<\/div>\n\t<\/div>\n\n\t<div class=\"wpb_text_column wpb_content_element  st-aboutus-title\" >\n\t\t<div class=\"wpb_wrapper\">\n\t\t\t<p>Histoire du village<\/p>\n\n\t\t<\/div>\n\t<\/div>\n\n\t<div class=\"wpb_text_column wpb_content_element  st-aboutus-content\" >\n\t\t<div class=\"wpb_wrapper\">\n\t\t\t<div id=\"tw-container\" class=\"YQaNob\" data-cp=\"1\" data-is-ver=\"false\" data-nnttsvi=\"1\" data-sm=\"1\" data-sugg-time=\"500\" data-sugg-url=\"https:\/\/clients1.google.com\/complete\/search\" data-uilc=\"el\">\n<div id=\"tw-ob\" class=\"tw-src-ltr\">\n<div class=\"oSioSc\">\n<div tabindex=\"0\">\n<div id=\"tw-target-text-container\" class=\"tw-ta-container hide-focus-ring tw-nfl\" tabindex=\"0\">\n<p>The winter resort of Arachova, at an altitude of 968 meters, was founded during the heyday of Frankish rule by the then feudal lord de Nesle, who united many settlements in order to better exploit and control the area. Another element that encouraged the creation of a wider settlement at this point, were the mild winds and natural protection from snow and frost. The history of the area begins around 1200 BC when, on the west side of today&#8217;s Arachova, in the area Anemoreia (of Homeric reports) the first settlements are presented. On the west side there was the settlement of Kyparissos, which is disputed by historians, who claim that the city of Yampolis existed there. Anemoreia and Kyparissos participated in the Trojan War with Epistrofos and Schedias as leaders.<\/p>\n<\/div>\n<div tabindex=\"0\"><\/div>\n<div tabindex=\"0\">Another legend states that, above today&#8217;s Arachova, in Liakoura, the highest peak of Parnassos (2457m), stood the ark of Deucalion and Pyrra who gave birth to the Greek, the ancestor of the Greeks. Historians and travelers report that Arachova in the 16th and 17th centuries, during Turkish rule, had 250-300 Greek families and only one Turk, the Kotzabas of the region. It was set on fire by the Turks in 1803-1804 during the eleven disputes between thieves and boatmen. The Battle of Arachova is also famous, where Georgios Karaiskakis stripped the Turkalvans&#8217; army naked. A point that also shows the active participation of the Arachovites in the Greek Revolution. Arachova was liberated in 1828 by Dimitrios Ypsilantis, whose first concern was the establishment of a school.<\/div>\n<\/div>\n<\/div>\n<\/div>\n<\/div>\n\n\t\t<\/div>\n\t<\/div>\n\n\t<div class=\"wpb_text_column wpb_content_element  st-aboutus-title\" >\n\t\t<div class=\"wpb_wrapper\">\n\t\t\t<p>\u00c0 voir<\/p>\n\n\t\t<\/div>\n\t<\/div>\n\n\t<div class=\"wpb_text_column wpb_content_element  st-aboutus-content\" >\n\t\t<div class=\"wpb_wrapper\">\n\t\t\t<div id=\"tw-container\" class=\"YQaNob\" data-cp=\"1\" data-is-ver=\"false\" data-nnttsvi=\"1\" data-sm=\"1\" data-sugg-time=\"500\" data-sugg-url=\"https:\/\/clients1.google.com\/complete\/search\" data-uilc=\"el\">\n<div id=\"tw-ob\" class=\"tw-src-ltr\">\n<div class=\"oSioSc\">\n<div tabindex=\"0\">Explorez le village de montagne en profitant des vacances \u00e0 Arachova. Un lieu avec un tel relief et une telle histoire ne pouvait pas manquer les vues imposantes, que quiconque le visite ne devrait pas manquer de voir.<\/div>\n<\/div>\n<\/div>\n<div tabindex=\"0\"><\/div>\n<div tabindex=\"0\">Initialement, l&#039;Horloge historique. Il a \u00e9t\u00e9 construit au d\u00e9but du XVIIIe si\u00e8cle comme clocher de l&#039;\u00e9glise m\u00e9tropolitaine. En 1870, il a \u00e9t\u00e9 d\u00e9moli par le tremblement de terre catastrophique qui a frapp\u00e9 la r\u00e9gion et d\u00e9truit des maisons. Comme en 1944 qui fut d\u00e9truite par les hostilit\u00e9s de l&#039;occupant allemand. Il a \u00e9t\u00e9 restaur\u00e9 en 1966 aux frais personnels de l&#039;abb\u00e9 du Saint Monast\u00e8re Saint-Luc. Le rocher qui est construit est appel\u00e9 par les habitants Tyrias, car il servait de r\u00e9frig\u00e9rateur pour stocker les produits laitiers. C&#039;\u00e9tait aussi l&#039;\u00e9tape pour les Delalis de la r\u00e9gion qui diffusaient les nouvelles du village. Sa beaut\u00e9 se r\u00e9v\u00e8le aux heures du soir dont l&#039;illumination est une occasion unique pour des photos souvenirs.<\/div>\n<\/div>\n<div tabindex=\"0\"><\/div>\n<div tabindex=\"0\">Un autre monument qui occupe une position pro\u00e9minente au sommet du village est l&#039;\u00e9glise d&#039;Agios Georgios. Qui est aussi le saint patron de la r\u00e9gion. Elle a \u00e9t\u00e9 construite en 1833 dans le style d&#039;une basilique \u00e0 trois nefs \u00e0 toit crois\u00e9. Cette attraction particuli\u00e8re du village est compl\u00e9t\u00e9e par la d\u00e9coration de la cour avec des tuiles en relief \u00e0 l&#039;arachovite tiss\u00e9es par des artisans locaux. Le point historique le plus important du village est peut-\u00eatre le h\u00e9ros de Karaiskakis \u00e0 l&#039;Exode occidental. Le chef des Grecs se dresse sur 300 rochers, autant que les t\u00eates des Turcs qu&#039;il a demand\u00e9es apr\u00e8s sa victoire \u00e0 la bataille d&#039;Arachova. Des \u00e9v\u00e9nements annuels ainsi que des d\u00e9fil\u00e9s de la r\u00e9gion sont organis\u00e9s dans ce monument les jours de f\u00eates nationales.<\/div>\n\n\t\t<\/div>\n\t<\/div>\n\n\t<div class=\"wpb_text_column wpb_content_element  st-aboutus-title\" >\n\t\t<div class=\"wpb_wrapper\">\n\t\t\t<p id=\"tw-target-text\" class=\"tw-data-text tw-text-large XcVN5d tw-ta\" dir=\"ltr\" data-placeholder=\"\u039c\u03b5\u03c4\u03ac\u03c6\u03c1\u03b1\u03c3\u03b7\"><span class=\"Y2IQFc\" lang=\"en\">Tourisme avec histoire<\/span><\/p>\n\n\t\t<\/div>\n\t<\/div>\n\n\t<div class=\"wpb_text_column wpb_content_element  st-aboutus-content\" >\n\t\t<div class=\"wpb_wrapper\">\n\t\t\t<p id=\"tw-target-text\" class=\"tw-data-text tw-text-large XcVN5d tw-ta\" dir=\"ltr\" data-placeholder=\"\u039c\u03b5\u03c4\u03ac\u03c6\u03c1\u03b1\u03c3\u03b7\">Tourism in Arachova reached its zenith with the establishment of the ski resort. In 1967, the first lifts were installed by the French company Pechiney &#8220;Aluminum of Greece&#8221; at Fterolakka. It was inaugurated seven years later in December 1974 in Gerontovrachos. Modernization and beautification works of the facilities are constantly carried out and since then it is the first choice of winter tourists. Finally, guests of the ski resort will be able to enjoy the view and the warm atmosphere of the chalet reminiscent of the French Alps. But before the erection of the ski resort, Arachova was a village that people knew from the archeological site that existed just 10km away. Arachova was favored by the proximity to the brothers and experienced a huge tourist boom with the use of the Oracle. Hordes of tourists arrive every year and it is a first class opportunity to see up close the ancient Greek history that is generously offered.<\/p>\n<p dir=\"ltr\" data-placeholder=\"\u039c\u03b5\u03c4\u03ac\u03c6\u03c1\u03b1\u03c3\u03b7\">L&#039;exp\u00e9rience d&#039;un voyage comme celui-ci sera unique pour vous. L&#039;h\u00e9bergement luxueux dans les h\u00f4tels du village, atteint les standards europ\u00e9ens et la vie nocturne ne vous laissera pas vous plaindre. Une belle recherche d&#039;histoire, de tranquillit\u00e9 naturelle et de paysage hivernal se d\u00e9roule devant vous. R\u00e9servez une place dans la destination hivernale num\u00e9ro 1 en Gr\u00e8ce.<\/p>\n\n\t\t<\/div>\n\t<\/div>\n<\/div>\n\t<\/div> \n<\/div><!--End .row--><\/div><!--End .container--><\/div><div class=\"vc_row wpb_row st bg-holder\"><div class='container'><div class='row'>\n\t<div class=\"wpb_column column_container col-md-12\"><div class=\"vc_column-inner wpb_wrapper\">\n\t\t\t<div class=\"vc_btn3-container vc_btn3-inline\" ><a style=\"background-color:#5191fa; color:#ffffff;\" class=\"vc_general vc_btn3 vc_btn3-size-md vc_btn3-shape-rounded vc_btn3-style-custom\" href=\"https:\/\/dreamlifetravel.gr\/index.php\/sidebar-search-layout\/?location_name=trp-post-container%20data-trp-post-id=%278304%27Arachova\/trp-post-container&#038;location_id=8304\" title=\"\" target=\"_blank\">Visites guid\u00e9es \u00e0 Arachova<\/a><\/div><\/div>\n\t<\/div> \n<\/div><!--End .row--><\/div><!--End .container--><\/div>\n<\/section>","protected":false},"excerpt":{"rendered":"Enjoy unique holidays in Arachova! At the foot of Mount Parnassos, in the middle of the cypress trees, is a village that is more or less the reference point of the winter excursion: Arachova is widely known for its hospitality, winter sports and the little but good night entertainment. Other well-known and other lesser-known stories [...]","protected":false},"author":1,"featured_media":8303,"parent":0,"menu_order":0,"comment_status":"closed","ping_status":"closed","template":"template-home-modern.php","meta":{"footnotes":""},"class_list":["post-8468","page","type-page","status-publish","has-post-thumbnail","hentry"],"yoast_head":"<!-- This site is optimized with the Yoast SEO plugin v27.4 - https:\/\/yoast.com\/product\/yoast-seo-wordpress\/ -->\n<title>Holidays in Arachova - Dream Life Travel<\/title>\n<meta name=\"robots\" content=\"index, follow, max-snippet:-1, max-image-preview:large, max-video-preview:-1\" \/>\n<link rel=\"canonical\" href=\"https:\/\/dreamlifetravel.gr\/fr\/holidays-in-arachova\/\" \/>\n<meta property=\"og:locale\" content=\"fr_FR\" \/>\n<meta property=\"og:type\" content=\"article\" \/>\n<meta property=\"og:title\" content=\"Holidays in Arachova - Dream Life Travel\" \/>\n<meta property=\"og:url\" content=\"https:\/\/dreamlifetravel.gr\/fr\/holidays-in-arachova\/\" \/>\n<meta property=\"og:site_name\" content=\"Dream Life Travel\" \/>\n<meta property=\"article:publisher\" content=\"https:\/\/www.facebook.com\/Dream-life-travel-109893747993004\/?ref=pages_you_manage\" \/>\n<meta property=\"article:modified_time\" content=\"2021-07-14T11:33:43+00:00\" \/>\n<meta property=\"og:image\" content=\"https:\/\/dreamlifetravel.gr\/wp-content\/uploads\/2015\/02\/greeka-com.jpg\" \/>\n\t<meta property=\"og:image:width\" content=\"1000\" \/>\n\t<meta property=\"og:image:height\" content=\"659\" \/>\n\t<meta property=\"og:image:type\" content=\"image\/jpeg\" \/>\n<meta name=\"twitter:card\" content=\"summary_large_image\" \/>\n<meta name=\"twitter:label1\" content=\"Dur\u00e9e de lecture estim\u00e9e\" \/>\n\t<meta name=\"twitter:data1\" content=\"5 minutes\" \/>\n<script type=\"application\/ld+json\" class=\"yoast-schema-graph\">{\"@context\":\"https:\\\/\\\/schema.org\",\"@graph\":[{\"@type\":\"WebPage\",\"@id\":\"https:\\\/\\\/dreamlifetravel.gr\\\/fr\\\/holidays-in-arachova\\\/\",\"url\":\"https:\\\/\\\/dreamlifetravel.gr\\\/fr\\\/holidays-in-arachova\\\/\",\"name\":\"Holidays in Arachova - Dream Life Travel\",\"isPartOf\":{\"@id\":\"https:\\\/\\\/dreamlifetravel.gr\\\/el\\\/#website\"},\"primaryImageOfPage\":{\"@id\":\"https:\\\/\\\/dreamlifetravel.gr\\\/fr\\\/holidays-in-arachova\\\/#primaryimage\"},\"image\":{\"@id\":\"https:\\\/\\\/dreamlifetravel.gr\\\/fr\\\/holidays-in-arachova\\\/#primaryimage\"},\"thumbnailUrl\":\"https:\\\/\\\/dreamlifetravel.gr\\\/wp-content\\\/uploads\\\/2015\\\/02\\\/greeka-com.jpg\",\"datePublished\":\"2021-06-25T08:19:44+00:00\",\"dateModified\":\"2021-07-14T11:33:43+00:00\",\"breadcrumb\":{\"@id\":\"https:\\\/\\\/dreamlifetravel.gr\\\/fr\\\/holidays-in-arachova\\\/#breadcrumb\"},\"inLanguage\":\"fr-FR\",\"potentialAction\":[{\"@type\":\"ReadAction\",\"target\":[\"https:\\\/\\\/dreamlifetravel.gr\\\/fr\\\/holidays-in-arachova\\\/\"]}]},{\"@type\":\"ImageObject\",\"inLanguage\":\"fr-FR\",\"@id\":\"https:\\\/\\\/dreamlifetravel.gr\\\/fr\\\/holidays-in-arachova\\\/#primaryimage\",\"url\":\"https:\\\/\\\/dreamlifetravel.gr\\\/wp-content\\\/uploads\\\/2015\\\/02\\\/greeka-com.jpg\",\"contentUrl\":\"https:\\\/\\\/dreamlifetravel.gr\\\/wp-content\\\/uploads\\\/2015\\\/02\\\/greeka-com.jpg\",\"width\":1000,\"height\":659,\"caption\":\"greeka com\"},{\"@type\":\"BreadcrumbList\",\"@id\":\"https:\\\/\\\/dreamlifetravel.gr\\\/fr\\\/holidays-in-arachova\\\/#breadcrumb\",\"itemListElement\":[{\"@type\":\"ListItem\",\"position\":1,\"name\":\"Home\",\"item\":\"https:\\\/\\\/dreamlifetravel.gr\\\/\"},{\"@type\":\"ListItem\",\"position\":2,\"name\":\"Holidays in Arachova\"}]},{\"@type\":\"WebSite\",\"@id\":\"https:\\\/\\\/dreamlifetravel.gr\\\/el\\\/#website\",\"url\":\"https:\\\/\\\/dreamlifetravel.gr\\\/el\\\/\",\"name\":\"Dream Life Travel\",\"description\":\"The Best Tour Experience\",\"publisher\":{\"@id\":\"https:\\\/\\\/dreamlifetravel.gr\\\/el\\\/#organization\"},\"potentialAction\":[{\"@type\":\"SearchAction\",\"target\":{\"@type\":\"EntryPoint\",\"urlTemplate\":\"https:\\\/\\\/dreamlifetravel.gr\\\/el\\\/?s={search_term_string}\"},\"query-input\":{\"@type\":\"PropertyValueSpecification\",\"valueRequired\":true,\"valueName\":\"search_term_string\"}}],\"inLanguage\":\"fr-FR\"},{\"@type\":\"Organization\",\"@id\":\"https:\\\/\\\/dreamlifetravel.gr\\\/el\\\/#organization\",\"name\":\"dreamlifetravel\",\"url\":\"https:\\\/\\\/dreamlifetravel.gr\\\/el\\\/\",\"logo\":{\"@type\":\"ImageObject\",\"inLanguage\":\"fr-FR\",\"@id\":\"https:\\\/\\\/dreamlifetravel.gr\\\/el\\\/#\\\/schema\\\/logo\\\/image\\\/\",\"url\":\"https:\\\/\\\/dreamlifetravel.gr\\\/wp-content\\\/uploads\\\/2018\\\/12\\\/203377155_111002757790531_4475099207187108932_n-1-1.png\",\"contentUrl\":\"https:\\\/\\\/dreamlifetravel.gr\\\/wp-content\\\/uploads\\\/2018\\\/12\\\/203377155_111002757790531_4475099207187108932_n-1-1.png\",\"width\":140,\"height\":57,\"caption\":\"dreamlifetravel\"},\"image\":{\"@id\":\"https:\\\/\\\/dreamlifetravel.gr\\\/el\\\/#\\\/schema\\\/logo\\\/image\\\/\"},\"sameAs\":[\"https:\\\/\\\/www.facebook.com\\\/Dream-life-travel-109893747993004\\\/?ref=pages_you_manage\",\"https:\\\/\\\/www.instagram.com\\\/dreamlife_travel_\\\/\"]}]}<\/script>\n<!-- \/ Yoast SEO plugin. -->","yoast_head_json":{"title":"Holidays in Arachova - Dream Life Travel","robots":{"index":"index","follow":"follow","max-snippet":"max-snippet:-1","max-image-preview":"max-image-preview:large","max-video-preview":"max-video-preview:-1"},"canonical":"https:\/\/dreamlifetravel.gr\/fr\/holidays-in-arachova\/","og_locale":"fr_FR","og_type":"article","og_title":"Holidays in Arachova - Dream Life Travel","og_url":"https:\/\/dreamlifetravel.gr\/fr\/holidays-in-arachova\/","og_site_name":"Dream Life Travel","article_publisher":"https:\/\/www.facebook.com\/Dream-life-travel-109893747993004\/?ref=pages_you_manage","article_modified_time":"2021-07-14T11:33:43+00:00","og_image":[{"width":1000,"height":659,"url":"https:\/\/dreamlifetravel.gr\/wp-content\/uploads\/2015\/02\/greeka-com.jpg","type":"image\/jpeg"}],"twitter_card":"summary_large_image","twitter_misc":{"Dur\u00e9e de lecture estim\u00e9e":"5 minutes"},"schema":{"@context":"https:\/\/schema.org","@graph":[{"@type":"WebPage","@id":"https:\/\/dreamlifetravel.gr\/fr\/holidays-in-arachova\/","url":"https:\/\/dreamlifetravel.gr\/fr\/holidays-in-arachova\/","name":"Holidays in Arachova - Dream Life Travel","isPartOf":{"@id":"https:\/\/dreamlifetravel.gr\/el\/#website"},"primaryImageOfPage":{"@id":"https:\/\/dreamlifetravel.gr\/fr\/holidays-in-arachova\/#primaryimage"},"image":{"@id":"https:\/\/dreamlifetravel.gr\/fr\/holidays-in-arachova\/#primaryimage"},"thumbnailUrl":"https:\/\/dreamlifetravel.gr\/wp-content\/uploads\/2015\/02\/greeka-com.jpg","datePublished":"2021-06-25T08:19:44+00:00","dateModified":"2021-07-14T11:33:43+00:00","breadcrumb":{"@id":"https:\/\/dreamlifetravel.gr\/fr\/holidays-in-arachova\/#breadcrumb"},"inLanguage":"fr-FR","potentialAction":[{"@type":"ReadAction","target":["https:\/\/dreamlifetravel.gr\/fr\/holidays-in-arachova\/"]}]},{"@type":"ImageObject","inLanguage":"fr-FR","@id":"https:\/\/dreamlifetravel.gr\/fr\/holidays-in-arachova\/#primaryimage","url":"https:\/\/dreamlifetravel.gr\/wp-content\/uploads\/2015\/02\/greeka-com.jpg","contentUrl":"https:\/\/dreamlifetravel.gr\/wp-content\/uploads\/2015\/02\/greeka-com.jpg","width":1000,"height":659,"caption":"greeka com"},{"@type":"BreadcrumbList","@id":"https:\/\/dreamlifetravel.gr\/fr\/holidays-in-arachova\/#breadcrumb","itemListElement":[{"@type":"ListItem","position":1,"name":"Home","item":"https:\/\/dreamlifetravel.gr\/"},{"@type":"ListItem","position":2,"name":"Holidays in Arachova"}]},{"@type":"WebSite","@id":"https:\/\/dreamlifetravel.gr\/el\/#website","url":"https:\/\/dreamlifetravel.gr\/el\/","name":"Voyage de la vie de r\u00eave","description":"La meilleure exp\u00e9rience de visite","publisher":{"@id":"https:\/\/dreamlifetravel.gr\/el\/#organization"},"potentialAction":[{"@type":"SearchAction","target":{"@type":"EntryPoint","urlTemplate":"https:\/\/dreamlifetravel.gr\/el\/?s={search_term_string}"},"query-input":{"@type":"PropertyValueSpecification","valueRequired":true,"valueName":"search_term_string"}}],"inLanguage":"fr-FR"},{"@type":"Organization","@id":"https:\/\/dreamlifetravel.gr\/el\/#organization","name":"dreamlifetravel","url":"https:\/\/dreamlifetravel.gr\/el\/","logo":{"@type":"ImageObject","inLanguage":"fr-FR","@id":"https:\/\/dreamlifetravel.gr\/el\/#\/schema\/logo\/image\/","url":"https:\/\/dreamlifetravel.gr\/wp-content\/uploads\/2018\/12\/203377155_111002757790531_4475099207187108932_n-1-1.png","contentUrl":"https:\/\/dreamlifetravel.gr\/wp-content\/uploads\/2018\/12\/203377155_111002757790531_4475099207187108932_n-1-1.png","width":140,"height":57,"caption":"dreamlifetravel"},"image":{"@id":"https:\/\/dreamlifetravel.gr\/el\/#\/schema\/logo\/image\/"},"sameAs":["https:\/\/www.facebook.com\/Dream-life-travel-109893747993004\/?ref=pages_you_manage","https:\/\/www.instagram.com\/dreamlife_travel_\/"]}]}},"_links":{"self":[{"href":"https:\/\/dreamlifetravel.gr\/fr\/wp-json\/wp\/v2\/pages\/8468","targetHints":{"allow":["GET"]}}],"collection":[{"href":"https:\/\/dreamlifetravel.gr\/fr\/wp-json\/wp\/v2\/pages"}],"about":[{"href":"https:\/\/dreamlifetravel.gr\/fr\/wp-json\/wp\/v2\/types\/page"}],"author":[{"embeddable":true,"href":"https:\/\/dreamlifetravel.gr\/fr\/wp-json\/wp\/v2\/users\/1"}],"replies":[{"embeddable":true,"href":"https:\/\/dreamlifetravel.gr\/fr\/wp-json\/wp\/v2\/comments?post=8468"}],"version-history":[{"count":13,"href":"https:\/\/dreamlifetravel.gr\/fr\/wp-json\/wp\/v2\/pages\/8468\/revisions"}],"predecessor-version":[{"id":8791,"href":"https:\/\/dreamlifetravel.gr\/fr\/wp-json\/wp\/v2\/pages\/8468\/revisions\/8791"}],"wp:featuredmedia":[{"embeddable":true,"href":"https:\/\/dreamlifetravel.gr\/fr\/wp-json\/wp\/v2\/media\/8303"}],"wp:attachment":[{"href":"https:\/\/dreamlifetravel.gr\/fr\/wp-json\/wp\/v2\/media?parent=8468"}],"curies":[{"name":"wp","href":"https:\/\/api.w.org\/{rel}","templated":true}]}}